{"id":19391,"date":"2025-04-23T11:26:05","date_gmt":"2025-04-23T09:26:05","guid":{"rendered":"https:\/\/desarrollo.digitalsquare.es\/colorker2\/condiciones-de-venta\/"},"modified":"2025-07-24T11:49:16","modified_gmt":"2025-07-24T09:49:16","slug":"condiciones-de-venta","status":"publish","type":"page","link":"https:\/\/www.colorker.com\/ru\/condiciones-de-venta\/","title":{"rendered":"Condiciones de venta"},"content":{"rendered":"<p><strong>CONDICIONES GENERALES DE VENTA<\/strong><\/p>\n<p><strong>1. Condiciones generales<\/strong><\/p>\n<p>Las presentes Condiciones Generales regulan la adquisici\u00f3n por parte del Cliente de los productos de COLORKER, S.A. (\u201cColorker\u201d). Su contenido se adjunta al reverso de la orden de pedido de los productos donde se establecer\u00e1n las condiciones particulares de venta (las \u201cCondiciones Particulares\u201d). En caso de discrepancia entre las Condiciones Generales y las Condiciones Particulares prevalecer\u00e1 lo dispuesto en las Condiciones Particulares. Las Condiciones Generales deber\u00e1n ser expresamente aceptadas por el Cliente. Una vez aceptadas, la realizaci\u00f3n de cualquier pedido por parte del Cliente supondr\u00e1 la aceptaci\u00f3n de las presentes Condiciones Generales de contrataci\u00f3n. Colorker se reserva el derecho a modificar y\/o actualizar las presentes Condiciones Generales, de lo cual se informar\u00e1 previamente al Cliente, por escrito, para su aceptaci\u00f3n o rechazo en caso de ser sustanciales. Se considerar\u00e1 que el Cliente acepta expresamente las modificaciones o actualizaciones en caso de que, notificada la modificaci\u00f3n y\/o actualizaci\u00f3n, el Cliente realice cualquier nuevo pedido a Colorker. En todo caso, las modificaciones y\/o actualizaciones de las Condiciones Generales sustituir\u00e1n plenamente a las existentes hasta el momento, comenzando a surtir efecto a partir de la fecha de solicitud de nuevos pedidos.<\/p>\n<p><strong>2. Pedidos<\/strong><\/p>\n<p>Los pedidos se realizar\u00e1n por el Cliente, por tel\u00e9fono, email, fax o presencialmente en las instalaciones de Colorker. Realizado el pedido, Colorker emitir\u00e1 la correspondiente orden de pedido donde figurar\u00e1n: los productos solicitados, plazo y lugar de entrega y todas las observaciones que el Cliente y Colorker hayan convenido relativas al pedido (la \u201cOrden de Pedido\u201d). La emisi\u00f3n de la Orden de Pedido se entender\u00e1 como una aceptaci\u00f3n expresa del encargo por parte de Colorker. La Orden de Pedido se remitir\u00e1 al Cliente por email, fax o cualquier medio escrito acordado con el Cliente. La Orden de Pedido se deber\u00e1 aceptar expresamente por el Cliente por mail, fax o presencialmente, dentro de los diez (10) d\u00edas h\u00e1biles desde su env\u00edo. La falta de aceptaci\u00f3n o acuse de recepci\u00f3n y conformidad en el plazo indicado se entender\u00e1 como una renuncia al encargo por parte del Cliente.<\/p>\n<p><strong>3. Condiciones de entrega<\/strong><\/p>\n<p>Colorker har\u00e1 entrega de los productos al Cliente en condiciones \u201cEx Works\u201d en cualquiera de sus almacenes log\u00edsticos:<\/p>\n<p>\u2022 EXW PARTIDA ELS PLANS. S\/N. 12592. CHILCHES (CASTELL\u00d3N) ESPA\u00d1A<\/p>\n<p>\u2022 EXW PARTIDA LA TORRETA 95, 12110 ALCORA (CASTELL\u00d3N) ESPA\u00d1A<\/p>\n<p>de acuerdo con la redacci\u00f3n de los Incoterms. Ed. 2010. ICC Publication.<\/p>\n<p><strong>4. Comprobaci\u00f3n de pedidos y productos<\/strong><\/p>\n<p>Colorker pondr\u00e1 los productos a disposici\u00f3n del agente transportista en sus propias instalaciones, de conformidad con el INCOTERM acordado. Los riesgos derivados del transporte, descarga, aseguramiento, exportaci\u00f3n e importaci\u00f3n de los productos correr\u00e1n a cargo del Cliente, de conformidad con el INCOTERM pactado. El agente transportista contratado por el Cliente asumir\u00e1 el riesgo de la operaci\u00f3n desde el momento en que disponga de los productos en el medio de transporte. El agente transportista y Colorker revisar\u00e1n el buen estado de los productos, embalaje, etiquetado y el volumen, con anterioridad a su carga. La carga de los productos en el transporte supone que \u00e9stos se encuentran en perfecto estado y son conformes.<\/p>\n<p><strong>5. Embalaje y etiquetado<\/strong><\/p>\n<p>Todos los productos ser\u00e1n embalados y etiquetados por Colorker de conformidad con su naturaleza, caracter\u00edsticas, conservaci\u00f3n y medidas de seguridad, adecuados para su env\u00edo al Cliente, en las mejores condiciones y de acuerdo con la normativa aplicable. En caso de exportaci\u00f3n e importaci\u00f3n de los productos, el Cliente indicar\u00e1 a Colorker si en el pa\u00eds de importaci\u00f3n existen normas espec\u00edficas relativas al embalaje y etiquetado al objeto de que Colorker pueda adecuar el pedido de conformidad con las indicaciones del Cliente. Colorker no se hace responsable del retraso en la entrega causada por la retenci\u00f3n de los productos en frontera ni de los gastos que dicha retenci\u00f3n pudiera ocasionar. En dichas circunstancias, Colorker har\u00e1 sus mejores esfuerzos por subsanar la falta de conformidad del env\u00edo, de buena fe y a la mayor celeridad posible, y si el Cliente renunciase al pedido estar\u00e1 obligado a abonar el 100 % de los gastos ocasionados por la retenci\u00f3n de los productos en frontera. Los embalajes y productos de Colorker est\u00e1n adheridos a la Disposici\u00f3n Adicional Primera de la Ley 11\/1997 de envases y residuos de envases, por lo que el Cliente es el responsable de su gesti\u00f3n.<\/p>\n<p><strong>6. Garant\u00eda<\/strong><\/p>\n<p>A la recepci\u00f3n del pedido el Cliente verificar\u00e1 el buen estado del embalaje, etiquetado y de los productos y confirmar\u00e1 que el volumen de productos entregados sea acorde con el albar\u00e1n de entrega firmado por Colorker y el agente transportista. En prueba de conformidad, el Cliente visar\u00e1, a su vez, el albar\u00e1n de conformidad de entrega. La garant\u00eda de Colorker queda limitada por la Orden de Pedido y la descripci\u00f3n de los productos prevista en los cat\u00e1logos, p\u00e1gina web y documentaci\u00f3n oficial de Colorker. El Cliente tendr\u00e1 un plazo de reclamaci\u00f3n, a contar desde la fecha de recepci\u00f3n de los productos indicada en el albar\u00e1n de entrega (la \u201cFecha de Entrega\u201d), de:<\/p>\n<p>catorce (14) d\u00edas desde la Fecha de Entrega, para reclamar cualquier disconformidad y\/o defecto aparente de los productos.<\/p>\n<p>sesenta (60) d\u00edas desde la Fecha de Entrega para reclamar cualquier disconformidad y\/o defecto oculto de los productos.<\/p>\n<p>dos (2) a\u00f1os desde la Fecha de Entrega para reclamar cualquier disconformidad y\/o defecto oculto o aparente en caso de que el Cliente sea un consumidor final. Si el defecto o falta de conformidad se manifiesta transcurridos seis (6) meses desde la Fecha de Entrega, el Cliente deber\u00e1 demostrar a Colorker que el defecto o disconformidad ya exist\u00eda en el momento de la entrega.<\/p>\n<p>Colorker no aceptar\u00e1 ninguna reclamaci\u00f3n derivada de defectos visibles de las mercanc\u00edas proporcionadas, despu\u00e9s de la instalaci\u00f3n de las mismas. Toda reclamaci\u00f3n deber\u00e1 ser remitida por escrito a Colorker, indicando los motivos de la reclamaci\u00f3n y adjuntando una copia firmada del albar\u00e1n de entrega. En caso de que la reclamaci\u00f3n se basase en la disconformidad con la calidad de los productos, el reclamante deber\u00e1 entregar adicionalmente una muestra de los productos enviados para realizar los correspondientes ensayos y comprobaciones, al objeto de verificar el defecto indicado. No se aceptar\u00e1n por Colorker reclamaciones presentadas sin el albar\u00e1n de entrega, sin la muestra del producto o una vez haya transcurrido el plazo de reclamaci\u00f3n. Transcurridos los plazos de reclamaci\u00f3n previstos, se entender\u00e1 que el pedido y los productos son conformes. Siempre que haya sido presentada la reclamaci\u00f3n en tiempo y forma y Colorker la acepte, por escrito, el Cliente tendr\u00e1 derecho a optar, a su elecci\u00f3n, entre: 1) que se le entregue mercanc\u00eda nueva a cambio de la devoluci\u00f3n de la defectuosa; 2) que se le reintegre el precio abonado a cambio de la devoluci\u00f3n de la mercanc\u00eda defectuosa. En caso de optar por la devoluci\u00f3n, el Cliente deber\u00e1 proceder a la entrega de los productos con el embalaje original y en perfecto estado.<\/p>\n<p><strong>7. Responsabilidad<\/strong><\/p>\n<p>Colorker no asume responsabilidad alguna de las consecuencias derivadas de la instalaci\u00f3n, uso y aplicaci\u00f3n de sus productos por el Cliente. El Cliente deber\u00e1 efectuar las correspondientes pruebas preventivas al objeto de asegurarse que los productos se adecuan a las condiciones t\u00e9rmicas, de ubicaci\u00f3n, instalaci\u00f3n y cualesquiera otras, y que \u00e9stos son conformes para su instalaci\u00f3n y adecuados para su uso en las circunstancias concretas previstas por el Cliente.<\/p>\n<p><strong>8. Derecho a la compensaci\u00f3n<\/strong><\/p>\n<p>Colorker se reserva el derecho a compensar toda cuant\u00eda que Colorker deba abonar al Cliente con toda suma que el Cliente adeude a Colorker.<\/p>\n<p><strong>9. Reserva de dominio<\/strong><\/p>\n<p>Colorker se reserva la plena propiedad de los productos vendidos hasta al pago total y efectivo por el Cliente del precio e importes facturados. El Comprador est\u00e1 obligado a informar a Colorker sobre todas las medidas adoptadas por terceros que afecten a los productos mientras sean propiedad de Colorker. Asimismo, el Cliente se obliga a designar a Colorker como beneficiario de las correspondientes p\u00f3lizas de seguro respecto de los productos sobre la que exista reserva de dominio en vigor. El Cliente podr\u00e1 transformar o revender los productos en el marco de una normal gesti\u00f3n comercial. La transformaci\u00f3n de los productos no transfiere la propiedad de los mismos al Cliente. El Cliente cede a Colorker todos los derechos de cr\u00e9dito resultantes de la reventa de los productos, transformadas o no, sometidos en todo o en parte a la reserva de dominio. A petici\u00f3n de Colorker, el Cliente debe notificar esta cesi\u00f3n a sus propios compradores. El importe de los cr\u00e9ditos cedidos y cobrados por el Vendedor en tales supuestos se aplicar\u00e1, en primer lugar, al pago de los intereses de demora convenidos. Las cantidades restantes, en su caso, se aplicar\u00e1n al importe de las facturas.<\/p>\n<p><strong>10. LOPD<\/strong><\/p>\n<p>En cumplimiento de lo dispuesto en la Ley Org\u00e1nica de 3\/2018 de 5 de diciembre de Protecci\u00f3n de Datos Personales y Garant\u00eda de los derechos digitales, los datos de car\u00e1cter personal que facilite el comprador formar\u00e1n parte de sendos ficheros de titularidad de COLORKER., cuyos fines son el mantenimiento de la relaci\u00f3n contractual, el control y la gesti\u00f3n de las ventas y sus correspondientes cobros. El comprador podr\u00e1 ejercer los derechos de acceso, rectificaci\u00f3n, cancelaci\u00f3n y\/u oposici\u00f3n dirigiendo una comunicaci\u00f3n por escrito, incluyendo una copia de su DNI u otro documento identificativo equivalente, dirigida a COLORKER, S.A. (Ref. Protecci\u00f3n de Datos), Ctra. de Alcora Km. 21,3, 12110 L&#8217;Alcora, Castell\u00f3n.<\/p>\n<p><strong>11. Precio<\/strong><\/p>\n<p>El precio de los productos ser\u00e1 el indicado, en cada caso, en la Orden de Pedido. Todos los precios se entienden fijados en condiciones Ex Works (no contemplan impuestos, tasas, gastos de env\u00edo, exportaci\u00f3n e importaci\u00f3n y cualesquiera otros). Los precios ser\u00e1n acordes a los fijados, en cada momento, en los cat\u00e1logos y folletos oficiales de Colorker. El precio facturado ser\u00e1 el indicado en la Orden de Pedido confirmada por el Cliente. El Cliente deber\u00e1 verificar que las facturas emitidas por Colorker son conformes. Toda reclamaci\u00f3n relativa al precio en factura deber\u00e1 presentarse a Colorker por escrito, en un plazo m\u00e1ximo de 14 d\u00edas a contar desde la fecha de emisi\u00f3n de la factura reclamada.<\/p>\n<p><strong>12. Condiciones de pago<\/strong><\/p>\n<p>Las condiciones de pago ser\u00e1n fijadas en la Orden de Pedido, atendiendo a las circunstancias espec\u00edficas del pedido realizado. Se tendr\u00e1n en especial consideraci\u00f3n el lugar de env\u00edo de los productos (Espa\u00f1a, UE, Internacional) y las caracter\u00edsticas del Cliente (empresa o consumidor), adecu\u00e1ndose a la normativa aplicable, en cada caso. La mora en el pago faculta a Colorker a (i) reclamar el pago inmediato del importe facturado, junto con los intereses devengados; (ii) retener todos los pedidos pendientes; (iii) condicionar la entrega de futuros pedidos a un pago por adelantado, aun cuando el Cliente ya no se encuentre en mora; as\u00ed como a (iv) reclamar la indemnizaci\u00f3n por da\u00f1os y perjuicios correspondiente.<\/p>\n<p><strong>13. Cl\u00e1usulas inv\u00e1lidas<\/strong><\/p>\n<p>En el supuesto de que alguna de las cl\u00e1usulas de las presentes Condiciones Generales resultar\u00e1 total o parcialmente inv\u00e1lida o nula, ser\u00e1 sustituida por nueva y v\u00e1lida, lo m\u00e1s pr\u00f3xima posible al prop\u00f3sito jur\u00eddico y econ\u00f3mico de la reemplazada. Las restantes cl\u00e1usulas permanecer\u00e1n en vigor y continuar\u00e1n siendo de aplicaci\u00f3n.<\/p>\n<p><strong>14. Legislaci\u00f3n aplicable<\/strong><\/p>\n<p>Las partes someten toda relaci\u00f3n de compraventa y suministro de productos de Colorker entre el Cliente y Colorker a derecho espa\u00f1ol.<\/p>\n<p><strong>15. Jurisdicci\u00f3n<\/strong><\/p>\n<p>Las partes con renuncia expresa al propio fuero que pudiera corresponderles, se someten a los juzgados y tribunales de Castell\u00f3n para resolver cualquier controversia, conflicto o reclamaci\u00f3n que surja en conexi\u00f3n con la relaci\u00f3n comercial establecida entre las partes resultantes de la compra y entrega de la mercanc\u00eda y, en especial, de los previstos en estas Condiciones Generales de Venta, incluyendo las disputas relativas a su formaci\u00f3n, validez legal, modificaci\u00f3n o terminaci\u00f3n.<\/p>\n","protected":false},"excerpt":{"rendered":"<p>CONDICIONES GENERALES DE VENTA 1. Condiciones generales Las presentes Condiciones Generales regulan la adquisici\u00f3n por parte del Cliente de los productos de COLORKER, S.A. (\u201cColorker\u201d). Su contenido se adjunta al reverso de la orden de pedido de los productos donde se establecer\u00e1n las condiciones particulares de venta (las \u201cCondiciones Particulares\u201d). En caso de discrepancia entre [&hellip;]<\/p>\n","protected":false},"author":1,"featured_media":0,"parent":0,"menu_order":0,"comment_status":"closed","ping_status":"closed","template":"template-legales.php","meta":{"_acf_changed":false,"footnotes":""},"class_list":["post-19391","page","type-page","status-publish","hentry"],"acf":[],"yoast_head":"<!-- This site is optimized with the Yoast SEO plugin v27.4 - https:\/\/yoast.com\/product\/yoast-seo-wordpress\/ -->\n<title>Condiciones de venta - Colorker<\/title>\n<meta name=\"robots\" content=\"index, follow, max-snippet:-1, max-image-preview:large, max-video-preview:-1\" \/>\n<link rel=\"canonical\" href=\"https:\/\/www.colorker.com\/ru\/condiciones-de-venta\/\" \/>\n<meta property=\"og:locale\" content=\"ru_RU\" \/>\n<meta property=\"og:type\" content=\"article\" \/>\n<meta property=\"og:title\" content=\"Condiciones de venta - Colorker\" \/>\n<meta property=\"og:description\" content=\"CONDICIONES GENERALES DE VENTA 1. Condiciones generales Las presentes Condiciones Generales regulan la adquisici\u00f3n por parte del Cliente de los productos de COLORKER, S.A. (\u201cColorker\u201d). Su contenido se adjunta al reverso de la orden de pedido de los productos donde se establecer\u00e1n las condiciones particulares de venta (las \u201cCondiciones Particulares\u201d). En caso de discrepancia entre [&hellip;]\" \/>\n<meta property=\"og:url\" content=\"https:\/\/www.colorker.com\/ru\/condiciones-de-venta\/\" \/>\n<meta property=\"og:site_name\" content=\"Colorker\" \/>\n<meta property=\"article:modified_time\" content=\"2025-07-24T09:49:16+00:00\" \/>\n<meta name=\"twitter:card\" content=\"summary_large_image\" \/>\n<meta name=\"twitter:label1\" content=\"\u041f\u0440\u0438\u043c\u0435\u0440\u043d\u043e\u0435 \u0432\u0440\u0435\u043c\u044f \u0434\u043b\u044f \u0447\u0442\u0435\u043d\u0438\u044f\" \/>\n\t<meta name=\"twitter:data1\" content=\"10 \u043c\u0438\u043d\u0443\u0442\" \/>\n<script type=\"application\/ld+json\" class=\"yoast-schema-graph\">{\"@context\":\"https:\\\/\\\/schema.org\",\"@graph\":[{\"@type\":\"WebPage\",\"@id\":\"https:\\\/\\\/www.colorker.com\\\/ru\\\/condiciones-de-venta\\\/\",\"url\":\"https:\\\/\\\/www.colorker.com\\\/ru\\\/condiciones-de-venta\\\/\",\"name\":\"Condiciones de venta - Colorker\",\"isPartOf\":{\"@id\":\"https:\\\/\\\/www.colorker.com\\\/ru\\\/#website\"},\"datePublished\":\"2025-04-23T09:26:05+00:00\",\"dateModified\":\"2025-07-24T09:49:16+00:00\",\"breadcrumb\":{\"@id\":\"https:\\\/\\\/www.colorker.com\\\/ru\\\/condiciones-de-venta\\\/#breadcrumb\"},\"inLanguage\":\"ru-RU\",\"potentialAction\":[{\"@type\":\"ReadAction\",\"target\":[\"https:\\\/\\\/www.colorker.com\\\/ru\\\/condiciones-de-venta\\\/\"]}]},{\"@type\":\"BreadcrumbList\",\"@id\":\"https:\\\/\\\/www.colorker.com\\\/ru\\\/condiciones-de-venta\\\/#breadcrumb\",\"itemListElement\":[{\"@type\":\"ListItem\",\"position\":1,\"name\":\"Portada\",\"item\":\"https:\\\/\\\/www.colorker.com\\\/ru\\\/\"},{\"@type\":\"ListItem\",\"position\":2,\"name\":\"Condiciones de venta\"}]},{\"@type\":\"WebSite\",\"@id\":\"https:\\\/\\\/www.colorker.com\\\/ru\\\/#website\",\"url\":\"https:\\\/\\\/www.colorker.com\\\/ru\\\/\",\"name\":\"Colorker\",\"description\":\"\",\"potentialAction\":[{\"@type\":\"SearchAction\",\"target\":{\"@type\":\"EntryPoint\",\"urlTemplate\":\"https:\\\/\\\/www.colorker.com\\\/ru\\\/?s={search_term_string}\"},\"query-input\":{\"@type\":\"PropertyValueSpecification\",\"valueRequired\":true,\"valueName\":\"search_term_string\"}}],\"inLanguage\":\"ru-RU\"}]}<\/script>\n<!-- \/ Yoast SEO plugin. -->","yoast_head_json":{"title":"Condiciones de venta - Colorker","robots":{"index":"index","follow":"follow","max-snippet":"max-snippet:-1","max-image-preview":"max-image-preview:large","max-video-preview":"max-video-preview:-1"},"canonical":"https:\/\/www.colorker.com\/ru\/condiciones-de-venta\/","og_locale":"ru_RU","og_type":"article","og_title":"Condiciones de venta - Colorker","og_description":"CONDICIONES GENERALES DE VENTA 1. Condiciones generales Las presentes Condiciones Generales regulan la adquisici\u00f3n por parte del Cliente de los productos de COLORKER, S.A. (\u201cColorker\u201d). Su contenido se adjunta al reverso de la orden de pedido de los productos donde se establecer\u00e1n las condiciones particulares de venta (las \u201cCondiciones Particulares\u201d). En caso de discrepancia entre [&hellip;]","og_url":"https:\/\/www.colorker.com\/ru\/condiciones-de-venta\/","og_site_name":"Colorker","article_modified_time":"2025-07-24T09:49:16+00:00","twitter_card":"summary_large_image","twitter_misc":{"\u041f\u0440\u0438\u043c\u0435\u0440\u043d\u043e\u0435 \u0432\u0440\u0435\u043c\u044f \u0434\u043b\u044f \u0447\u0442\u0435\u043d\u0438\u044f":"10 \u043c\u0438\u043d\u0443\u0442"},"schema":{"@context":"https:\/\/schema.org","@graph":[{"@type":"WebPage","@id":"https:\/\/www.colorker.com\/ru\/condiciones-de-venta\/","url":"https:\/\/www.colorker.com\/ru\/condiciones-de-venta\/","name":"Condiciones de venta - Colorker","isPartOf":{"@id":"https:\/\/www.colorker.com\/ru\/#website"},"datePublished":"2025-04-23T09:26:05+00:00","dateModified":"2025-07-24T09:49:16+00:00","breadcrumb":{"@id":"https:\/\/www.colorker.com\/ru\/condiciones-de-venta\/#breadcrumb"},"inLanguage":"ru-RU","potentialAction":[{"@type":"ReadAction","target":["https:\/\/www.colorker.com\/ru\/condiciones-de-venta\/"]}]},{"@type":"BreadcrumbList","@id":"https:\/\/www.colorker.com\/ru\/condiciones-de-venta\/#breadcrumb","itemListElement":[{"@type":"ListItem","position":1,"name":"Portada","item":"https:\/\/www.colorker.com\/ru\/"},{"@type":"ListItem","position":2,"name":"Condiciones de venta"}]},{"@type":"WebSite","@id":"https:\/\/www.colorker.com\/ru\/#website","url":"https:\/\/www.colorker.com\/ru\/","name":"Colorker","description":"","potentialAction":[{"@type":"SearchAction","target":{"@type":"EntryPoint","urlTemplate":"https:\/\/www.colorker.com\/ru\/?s={search_term_string}"},"query-input":{"@type":"PropertyValueSpecification","valueRequired":true,"valueName":"search_term_string"}}],"inLanguage":"ru-RU"}]}},"_links":{"self":[{"href":"https:\/\/www.colorker.com\/ru\/wp-json\/wp\/v2\/pages\/19391","targetHints":{"allow":["GET"]}}],"collection":[{"href":"https:\/\/www.colorker.com\/ru\/wp-json\/wp\/v2\/pages"}],"about":[{"href":"https:\/\/www.colorker.com\/ru\/wp-json\/wp\/v2\/types\/page"}],"author":[{"embeddable":true,"href":"https:\/\/www.colorker.com\/ru\/wp-json\/wp\/v2\/users\/1"}],"replies":[{"embeddable":true,"href":"https:\/\/www.colorker.com\/ru\/wp-json\/wp\/v2\/comments?post=19391"}],"version-history":[{"count":1,"href":"https:\/\/www.colorker.com\/ru\/wp-json\/wp\/v2\/pages\/19391\/revisions"}],"predecessor-version":[{"id":23175,"href":"https:\/\/www.colorker.com\/ru\/wp-json\/wp\/v2\/pages\/19391\/revisions\/23175"}],"wp:attachment":[{"href":"https:\/\/www.colorker.com\/ru\/wp-json\/wp\/v2\/media?parent=19391"}],"curies":[{"name":"wp","href":"https:\/\/api.w.org\/{rel}","templated":true}]}}