{"id":19465,"date":"2025-03-06T09:43:52","date_gmt":"2025-03-06T08:43:52","guid":{"rendered":"https:\/\/desarrollo.digitalsquare.es\/colorker2\/politica-privacidad\/"},"modified":"2025-06-24T16:13:16","modified_gmt":"2025-06-24T14:13:16","slug":"privacy","status":"publish","type":"page","link":"https:\/\/www.colorker.com\/fr\/privacy\/","title":{"rendered":"Politique de Confidentialit\u00e9"},"content":{"rendered":"<p>La pr\u00e9sente politique de confidentialit\u00e9 est une d\u00e9claration du responsable concernant les donn\u00e9es \u00e0 caract\u00e8re personnel trait\u00e9es sur son site Web.<\/p>\n<p>Les donn\u00e9es \u00e0 caract\u00e8re personnel recueillies par l&rsquo;interm\u00e9diaire des diff\u00e9rents formulaires ou registres du site Web sont trait\u00e9es conform\u00e9ment au R\u00e8glement G\u00e9n\u00e9ral sur la Protection des Donn\u00e9es, UE 2016\/679 (ci-apr\u00e8s d\u00e9nomm\u00e9 RGPD).<\/p>\n<p><strong>CHAMP D&rsquo;APPLICATION<\/strong><br \/>\nCette politique s&rsquo;applique au traitement automatis\u00e9 (via des formulaires et registres \u00e9lectroniques) et non automatis\u00e9 (via des documents t\u00e9l\u00e9chargeables depuis le site Web) de donn\u00e9es \u00e0 caract\u00e8re personnel effectu\u00e9 via son site internet.<\/p>\n<p><strong>RESPONSABLE DU TRAITEMENT<\/strong><\/p>\n<p>Cette Politique de Confidentialit\u00e9 d\u00e9crit les r\u00e8gles et les proc\u00e9dures relatives \u00e0 la demande, \u00e0 la collecte, au traitement, au stockage et \u00e0 l&rsquo;utilisation des donn\u00e9es \u00e0 caract\u00e8re personnel et s&rsquo;applique aux services offerts par COLORKER SA (ci-apr\u00e8s COLORKER) sur sa plateforme Web : www.colorker.com<\/p>\n<p>COLORKER, CIF A12050050 sera responsable du traitement des donn\u00e9es \u00e0 caract\u00e8re personnel sur le site internet, domicili\u00e9 Ctra. de Alcora Km. 21,3<br \/>\n12110 Alcora (Castell\u00f3n), t\u00e9l\u00e9phone : 964361616 et adresse e-mail : info@colorker.com<\/p>\n<p>&nbsp;<\/p>\n<p><strong>FINALIT\u00c9 DU TRAITEMENT DE SES DONN\u00c9ES<\/strong><\/p>\n<p>Colorker n&rsquo;utilisera les donn\u00e9es \u00e0 caract\u00e8re personnel que dans le cadre de cette Politique de Confidentialit\u00e9 et, de mani\u00e8re g\u00e9n\u00e9rale, demandera le consentement de l&rsquo;internaute pour utiliser les donn\u00e9es personnelles \u00e0 des fins autres que celles pour lesquelles il a initialement \u00e9t\u00e9 accord\u00e9.<\/p>\n<p>COLORKER utilise et traite les donn\u00e9es \u00e0 caract\u00e8re personnel fournies aux fins suivantes :<\/p>\n<ul>\n<li>Contact : R\u00e9pondre aux questions adress\u00e9es \u00e0 COLORKER et aux demandes d&rsquo;informations sur nos produits.<\/li>\n<li>Nous rejoindre : effectuer des processus de s\u00e9lection, actuels et futurs.<\/li>\n<li>Newsletter : envoyer la newsletter de COLORKER par courrier \u00e9lectronique.<\/li>\n<\/ul>\n<p>Sur son site Web, Colorker ne vend, ne loue, ne partage ni ne distribue les informations de ses utilisateurs enregistr\u00e9s \u00e0 des tiers ext\u00e9rieurs \u00e0 la plateforme. En acceptant cette Politique de Confidentialit\u00e9, vous reconnaissez et vous acceptez que COLORKER conserve et divulgue vos donn\u00e9es d&rsquo;enregistrement et toute autre information fournie si la l\u00e9gislation en vigueur l&rsquo;exige ou si, de bonne foi, nous estimons que cet acc\u00e8s, cette conservation ou cette divulgation sont raisonnablement n\u00e9cessaires pour :\u00a0<strong>(1)<\/strong>\u00a0nous conformer \u00e0 une proc\u00e9dure l\u00e9gale, y compris, sans limitation, une citation dans le cadre d&rsquo;un proc\u00e8s civil ou criminel, l&rsquo;ordre d&rsquo;un tribunal ou autres divulgations obligatoires ;\u00a0<strong>(2)<\/strong>\u00a0faire appliquer cette politique de confidentialit\u00e9 ;\u00a0<strong>(3)<\/strong>\u00a0r\u00e9pondre \u00e0 des plaintes pour violation des droits de tiers ;\u00a0<strong>(4)<\/strong>\u00a0prot\u00e9ger les droits, les propri\u00e9t\u00e9s ou la s\u00e9curit\u00e9 du personnel de COLORKER, de nos utilisateurs et du grand public.<\/p>\n<p>&nbsp;<\/p>\n<p><strong>CONSERVATION DE VOS DONN\u00c9ES<\/strong><\/p>\n<p>COLORKER traite les donn\u00e9es \u00e0 caract\u00e8re personnel pendant les p\u00e9riodes suivantes :<\/p>\n<ul>\n<li>Contact : les donn\u00e9es sont conserv\u00e9es tant que l&rsquo;int\u00e9ress\u00e9 n&rsquo;a pas manifest\u00e9 sa volont\u00e9 de faire valoir son droit de suppression.<\/li>\n<li>Nous rejoindre : les donn\u00e9es sont conserv\u00e9es pendant une p\u00e9riode maximale de 12 mois. Si le candidat manifeste sa volont\u00e9 de faire valoir son droit de suppression plus t\u00f4t, il y sera r\u00e9pondu<\/li>\n<li>Newsletter : les donn\u00e9es sont conserv\u00e9es tant que l&rsquo;int\u00e9ress\u00e9 n&rsquo;a pas manifest\u00e9 sa volont\u00e9 de faire valoir son droit de suppression.<\/li>\n<\/ul>\n<p>&nbsp;<\/p>\n<p><strong>D\u00c9CISIONS AUTOMATIS\u00c9ES<\/strong><br \/>\nCOLORKER n&rsquo;appliquera pas de d\u00e9cisions automatis\u00e9es ni n&rsquo;\u00e9tablira pas traitement de profilage ou de logique \u00e0 partir de vos donn\u00e9es personnelles.<\/p>\n<p>&nbsp;<\/p>\n<p><strong>L\u00c9GITIMIT\u00c9 DU TRAITEMENT DES DONN\u00c9ES<\/strong><br \/>\nCOLORKER traite les donn\u00e9es \u00e0 caract\u00e8re personnel sur les bases de l\u00e9gitimit\u00e9 suivantes :<\/p>\n<ul>\n<li>Consentement : Lorsque l&rsquo;utilisateur donne son autorisation \u00e0 COLORKER pour le traitement de ses donn\u00e9es par une action positive claire. En tout \u00e9tat de cause, le consentement peut \u00eatre r\u00e9voqu\u00e9 \u00e0 tout moment en en informant COLORKER (contact, nous rejoindre, newsletter)<\/li>\n<\/ul>\n<p>&nbsp;<\/p>\n<p><strong>CESSION DE DONN\u00c9ES \u00c0 CARACT\u00c8RE PERSONNEL<\/strong><\/p>\n<p>De mani\u00e8re g\u00e9n\u00e9rale, leurs donn\u00e9es ne sont pas partag\u00e9es avec des tiers, sauf en cas d&rsquo;obligations juridiques expresses.<\/p>\n<p>&nbsp;<\/p>\n<p><strong>EXERCICE DES DROITS<\/strong><\/p>\n<p>L&rsquo;int\u00e9ress\u00e9 peut exercer ses droits en mati\u00e8re de protection des donn\u00e9es (acc\u00e8s, rectification, opposition, suppression, d\u00e9cisions automatis\u00e9es, limitation du traitement, portabilit\u00e9) par courrier \u00e9lectronique \u00e0 l&rsquo;adresse rgpd@colorker.com. Un document certifiant l&rsquo;identit\u00e9 du demandeur peut \u00eatre requise (copie du recto de la carte d&rsquo;identit\u00e9 ou document \u00e9quivalent, le cas \u00e9ch\u00e9ant, pour identifier clairement le demandeur). Le d\u00e9lai de r\u00e9ponse maximal est de 30 jours \u00e0 compter de sa r\u00e9ception et peut \u00eatre prolong\u00e9 d&rsquo;un maximum de 2 mois si n\u00e9cessaire.<\/p>\n<p>En tout \u00e9tat de cause, vous pouvez saisir l&rsquo;Agence espagnole de protection des donn\u00e9es par l&rsquo;interm\u00e9diaire de son site Web.<\/p>\n","protected":false},"excerpt":{"rendered":"<p>La pr\u00e9sente politique de confidentialit\u00e9 est une d\u00e9claration du responsable concernant les donn\u00e9es \u00e0 caract\u00e8re personnel trait\u00e9es sur son site Web. Les donn\u00e9es \u00e0 caract\u00e8re personnel recueillies par l&rsquo;interm\u00e9diaire des diff\u00e9rents formulaires ou registres du site Web sont trait\u00e9es conform\u00e9ment au R\u00e8glement G\u00e9n\u00e9ral sur la Protection des Donn\u00e9es, UE 2016\/679 (ci-apr\u00e8s d\u00e9nomm\u00e9 RGPD). CHAMP D&rsquo;APPLICATION [&hellip;]<\/p>\n","protected":false},"author":1,"featured_media":0,"parent":0,"menu_order":0,"comment_status":"closed","ping_status":"closed","template":"template-legales.php","meta":{"_acf_changed":false,"footnotes":""},"class_list":["post-19465","page","type-page","status-publish","hentry"],"acf":[],"yoast_head":"<!-- This site is optimized with the Yoast SEO plugin v27.3 - https:\/\/yoast.com\/product\/yoast-seo-wordpress\/ -->\n<title>Politique de Confidentialit\u00e9 - Colorker<\/title>\n<meta name=\"robots\" content=\"index, follow, max-snippet:-1, max-image-preview:large, max-video-preview:-1\" \/>\n<link rel=\"canonical\" href=\"https:\/\/www.colorker.com\/fr\/privacy\/\" \/>\n<meta property=\"og:locale\" content=\"fr_FR\" \/>\n<meta property=\"og:type\" content=\"article\" \/>\n<meta property=\"og:title\" content=\"Politique de Confidentialit\u00e9 - Colorker\" \/>\n<meta property=\"og:description\" content=\"La pr\u00e9sente politique de confidentialit\u00e9 est une d\u00e9claration du responsable concernant les donn\u00e9es \u00e0 caract\u00e8re personnel trait\u00e9es sur son site Web. Les donn\u00e9es \u00e0 caract\u00e8re personnel recueillies par l&rsquo;interm\u00e9diaire des diff\u00e9rents formulaires ou registres du site Web sont trait\u00e9es conform\u00e9ment au R\u00e8glement G\u00e9n\u00e9ral sur la Protection des Donn\u00e9es, UE 2016\/679 (ci-apr\u00e8s d\u00e9nomm\u00e9 RGPD). CHAMP D&rsquo;APPLICATION [&hellip;]\" \/>\n<meta property=\"og:url\" content=\"https:\/\/www.colorker.com\/fr\/privacy\/\" \/>\n<meta property=\"og:site_name\" content=\"Colorker\" \/>\n<meta property=\"article:modified_time\" content=\"2025-06-24T14:13:16+00:00\" \/>\n<meta name=\"twitter:card\" content=\"summary_large_image\" \/>\n<meta name=\"twitter:label1\" content=\"Dur\u00e9e de lecture estim\u00e9e\" \/>\n\t<meta name=\"twitter:data1\" content=\"4 minutes\" \/>\n<script type=\"application\/ld+json\" class=\"yoast-schema-graph\">{\"@context\":\"https:\\\/\\\/schema.org\",\"@graph\":[{\"@type\":\"WebPage\",\"@id\":\"https:\\\/\\\/www.colorker.com\\\/fr\\\/privacy\\\/\",\"url\":\"https:\\\/\\\/www.colorker.com\\\/fr\\\/privacy\\\/\",\"name\":\"Politique de Confidentialit\u00e9 - Colorker\",\"isPartOf\":{\"@id\":\"https:\\\/\\\/www.colorker.com\\\/fr\\\/#website\"},\"datePublished\":\"2025-03-06T08:43:52+00:00\",\"dateModified\":\"2025-06-24T14:13:16+00:00\",\"breadcrumb\":{\"@id\":\"https:\\\/\\\/www.colorker.com\\\/fr\\\/privacy\\\/#breadcrumb\"},\"inLanguage\":\"fr-FR\",\"potentialAction\":[{\"@type\":\"ReadAction\",\"target\":[\"https:\\\/\\\/www.colorker.com\\\/fr\\\/privacy\\\/\"]}]},{\"@type\":\"BreadcrumbList\",\"@id\":\"https:\\\/\\\/www.colorker.com\\\/fr\\\/privacy\\\/#breadcrumb\",\"itemListElement\":[{\"@type\":\"ListItem\",\"position\":1,\"name\":\"Portada\",\"item\":\"https:\\\/\\\/www.colorker.com\\\/fr\\\/\"},{\"@type\":\"ListItem\",\"position\":2,\"name\":\"Politique de Confidentialit\u00e9\"}]},{\"@type\":\"WebSite\",\"@id\":\"https:\\\/\\\/www.colorker.com\\\/fr\\\/#website\",\"url\":\"https:\\\/\\\/www.colorker.com\\\/fr\\\/\",\"name\":\"Colorker\",\"description\":\"\",\"potentialAction\":[{\"@type\":\"SearchAction\",\"target\":{\"@type\":\"EntryPoint\",\"urlTemplate\":\"https:\\\/\\\/www.colorker.com\\\/fr\\\/?s={search_term_string}\"},\"query-input\":{\"@type\":\"PropertyValueSpecification\",\"valueRequired\":true,\"valueName\":\"search_term_string\"}}],\"inLanguage\":\"fr-FR\"}]}<\/script>\n<!-- \/ Yoast SEO plugin. -->","yoast_head_json":{"title":"Politique de Confidentialit\u00e9 - Colorker","robots":{"index":"index","follow":"follow","max-snippet":"max-snippet:-1","max-image-preview":"max-image-preview:large","max-video-preview":"max-video-preview:-1"},"canonical":"https:\/\/www.colorker.com\/fr\/privacy\/","og_locale":"fr_FR","og_type":"article","og_title":"Politique de Confidentialit\u00e9 - Colorker","og_description":"La pr\u00e9sente politique de confidentialit\u00e9 est une d\u00e9claration du responsable concernant les donn\u00e9es \u00e0 caract\u00e8re personnel trait\u00e9es sur son site Web. Les donn\u00e9es \u00e0 caract\u00e8re personnel recueillies par l&rsquo;interm\u00e9diaire des diff\u00e9rents formulaires ou registres du site Web sont trait\u00e9es conform\u00e9ment au R\u00e8glement G\u00e9n\u00e9ral sur la Protection des Donn\u00e9es, UE 2016\/679 (ci-apr\u00e8s d\u00e9nomm\u00e9 RGPD). CHAMP D&rsquo;APPLICATION [&hellip;]","og_url":"https:\/\/www.colorker.com\/fr\/privacy\/","og_site_name":"Colorker","article_modified_time":"2025-06-24T14:13:16+00:00","twitter_card":"summary_large_image","twitter_misc":{"Dur\u00e9e de lecture estim\u00e9e":"4 minutes"},"schema":{"@context":"https:\/\/schema.org","@graph":[{"@type":"WebPage","@id":"https:\/\/www.colorker.com\/fr\/privacy\/","url":"https:\/\/www.colorker.com\/fr\/privacy\/","name":"Politique de Confidentialit\u00e9 - Colorker","isPartOf":{"@id":"https:\/\/www.colorker.com\/fr\/#website"},"datePublished":"2025-03-06T08:43:52+00:00","dateModified":"2025-06-24T14:13:16+00:00","breadcrumb":{"@id":"https:\/\/www.colorker.com\/fr\/privacy\/#breadcrumb"},"inLanguage":"fr-FR","potentialAction":[{"@type":"ReadAction","target":["https:\/\/www.colorker.com\/fr\/privacy\/"]}]},{"@type":"BreadcrumbList","@id":"https:\/\/www.colorker.com\/fr\/privacy\/#breadcrumb","itemListElement":[{"@type":"ListItem","position":1,"name":"Portada","item":"https:\/\/www.colorker.com\/fr\/"},{"@type":"ListItem","position":2,"name":"Politique de Confidentialit\u00e9"}]},{"@type":"WebSite","@id":"https:\/\/www.colorker.com\/fr\/#website","url":"https:\/\/www.colorker.com\/fr\/","name":"Colorker","description":"","potentialAction":[{"@type":"SearchAction","target":{"@type":"EntryPoint","urlTemplate":"https:\/\/www.colorker.com\/fr\/?s={search_term_string}"},"query-input":{"@type":"PropertyValueSpecification","valueRequired":true,"valueName":"search_term_string"}}],"inLanguage":"fr-FR"}]}},"_links":{"self":[{"href":"https:\/\/www.colorker.com\/fr\/wp-json\/wp\/v2\/pages\/19465","targetHints":{"allow":["GET"]}}],"collection":[{"href":"https:\/\/www.colorker.com\/fr\/wp-json\/wp\/v2\/pages"}],"about":[{"href":"https:\/\/www.colorker.com\/fr\/wp-json\/wp\/v2\/types\/page"}],"author":[{"embeddable":true,"href":"https:\/\/www.colorker.com\/fr\/wp-json\/wp\/v2\/users\/1"}],"replies":[{"embeddable":true,"href":"https:\/\/www.colorker.com\/fr\/wp-json\/wp\/v2\/comments?post=19465"}],"version-history":[{"count":1,"href":"https:\/\/www.colorker.com\/fr\/wp-json\/wp\/v2\/pages\/19465\/revisions"}],"predecessor-version":[{"id":22975,"href":"https:\/\/www.colorker.com\/fr\/wp-json\/wp\/v2\/pages\/19465\/revisions\/22975"}],"wp:attachment":[{"href":"https:\/\/www.colorker.com\/fr\/wp-json\/wp\/v2\/media?parent=19465"}],"curies":[{"name":"wp","href":"https:\/\/api.w.org\/{rel}","templated":true}]}}