{"id":19397,"date":"2025-04-23T11:25:47","date_gmt":"2025-04-23T09:25:47","guid":{"rendered":"https:\/\/desarrollo.digitalsquare.es\/colorker2\/aviso-legal\/"},"modified":"2025-06-24T16:13:54","modified_gmt":"2025-06-24T14:13:54","slug":"legal","status":"publish","type":"page","link":"https:\/\/www.colorker.com\/fr\/legal\/","title":{"rendered":"Avis juridique"},"content":{"rendered":"<p><strong>1<\/strong>&#8211;\u00a0Les pr\u00e9sentes conditions r\u00e9gissent l\u2019utilisation du site internet avec URL\u00a0<strong>www.colorker.com<\/strong>\u00a0et l\u2019acc\u00e8s et l\u2019utilisation de ces pages impliquent l\u2019acceptation pleine et sans r\u00e9serve des pr\u00e9sentes conditions, raison pour laquelle nous vous recommandons de les lire attentivement.<\/p>\n<p>&nbsp;<\/p>\n<p><strong>2<\/strong>&#8211;\u00a0L\u2019utilisateur s\u2019engage \u00e0 utiliser le site\u00a0<strong>www.colorker.com<\/strong>\u00a0conform\u00e9ment \u00e0 la loi, au pr\u00e9sent avertissement l\u00e9gal, aux r\u00e8glements et instructions port\u00e9s \u00e0 sa connaissance, ainsi qu\u2019\u00e0 la morale et aux bonnes m\u0153urs g\u00e9n\u00e9ralement accept\u00e9es et \u00e0 l\u2019ordre public.<\/p>\n<p>&nbsp;<\/p>\n<p><strong>3<\/strong>&#8211;\u00a0Conform\u00e9ment \u00e0 ce qui est stipul\u00e9 dans l\u2019article 10 de la loi n\u00ba34\/2002 de Services de la Soci\u00e9t\u00e9 de l\u2019Information et Commerce Electronique, l\u2019entreprise\u00a0<strong>Colorker, S.A.<\/strong>, dont le si\u00e8ge social est situ\u00e9 Ctra. Alcora, Km.\u00a021,3. 12110 L\u2019Alcora, Castell\u00f3n, Espagne, avec\u00a0<strong>num\u00e9ro de TVA\u00a0A-12050050<\/strong>, vous informe qu\u2019elle est propri\u00e9taire du nom de domaine www.colorker.com<\/p>\n<p>&nbsp;<\/p>\n<p><strong>4<\/strong>&#8211;\u00a0De m\u00eame, en ce qui concerne les communications commerciales par voie \u00e9lectronique, nous vous informons, en tenant compte des stipulations des articles 20 et 21 de la loi 34\/2002 mentionn\u00e9e, que les donn\u00e9es que vous nous fournissez pourront \u00eatre utilis\u00e9es pour l\u2019envoi ult\u00e9rieur de communications commerciales sur nos produits et services susceptibles de vous int\u00e9resser, sachant que ces communications seront r\u00e9alis\u00e9es par\u00a0<strong>Colorker, S.A<\/strong>. directement, sans pr\u00e9judice de votre droit de r\u00e9voquer \u00e0 tout moment l\u2019autorisation donn\u00e9e pour la r\u00e9ception de communications commerciales, en vous adressant par \u00e9crit \u00e0 l\u2019adresse mentionn\u00e9e \u00e0 la fin de ce document.<\/p>\n<p>&nbsp;<\/p>\n<p><strong>5<\/strong>&#8211;\u00a0Les droits de propri\u00e9t\u00e9 intellectuelle du site\u00a0<strong>www.colorker.com<\/strong>\u00a0(ci-apr\u00e8s \u201cle site WEB\u201d), son code source, sa conception, sa structure de navigation, ses bases de donn\u00e9es et les diff\u00e9rents \u00e9l\u00e9ments qu\u2019il contient, sont prot\u00e9g\u00e9s par la r\u00e9glementation de propri\u00e9t\u00e9 intellectuelle et industrielle, notamment par le d\u00e9cret-loi royal n\u00ba1\/96 qui approuve le texte r\u00e9vis\u00e9 de la loi sur la propri\u00e9t\u00e9 intellectuelle et par la loi sur les marques n\u00ba 17\/2001. Ces droits appartiennent \u00e0\u00a0<strong>Colorker, S.A.<\/strong>, qui dispose de l\u2019exercice exclusif des droits d\u2019exploitation de ces derniers, quelle que soit leur forme et en particulier les droits de reproduction, de distribution, de communication publique et transformation.<\/p>\n<p>&nbsp;<\/p>\n<p><strong>6<\/strong>&#8211;\u00a0L\u2019acc\u00e8s au site WEB n\u2019implique aucun type de cession, transmission ou tout autre type de renonciation, totale ou partielle, des droits de propri\u00e9t\u00e9 intellectuelle ou industrielle. L\u2019utilisateur d\u2019internet est autoris\u00e9 \u00e0 visualiser, imprimer et t\u00e9l\u00e9charger partiellement le contenu du site WEB uniquement et exclusivement dans le plein respect des conditions suivantes\u00a0:<\/p>\n<p><strong>a)<\/strong>\u00a0Compatibilit\u00e9 avec les objectifs du site WEB.<\/p>\n<p><strong>b)<\/strong>\u00a0Que ceci soit effectu\u00e9 dans le but exclusif d\u2019obtenir l\u2019information contenue pour un usage personnel et priv\u00e9. Son utilisation \u00e0 des fins commerciales, sa distribution, communication publique, transformation ou d\u00e9compilation sont strictement interdites.<\/p>\n<p><strong>c)<\/strong>\u00a0Qu\u2019aucun des contenus du site WEB ne soit modifi\u00e9.<\/p>\n<p><strong>d)<\/strong>\u00a0Qu\u2019aucun graphique, ic\u00f4ne ou image disponible sur le site WEB ne soit utilis\u00e9, copi\u00e9 ou distribu\u00e9 s\u00e9par\u00e9ment du texte ou du reste des images qui les accompagnent.<\/p>\n<p>&nbsp;<\/p>\n<p><strong>7<\/strong>&#8211;\u00a0L\u2019utilisateur du site WEB n\u2019est pas autoris\u00e9 \u00e0 supprimer, modifier, esquiver ou manipuler n\u2019importe lequel des dispositifs de protection ou syst\u00e8mes de s\u00e9curit\u00e9 pouvant \u00eatre install\u00e9s sur celui-ci.<\/p>\n<p>&nbsp;<\/p>\n<p><strong>8<\/strong>&#8211;\u00a0<strong>Colorker, S.A.<\/strong>\u00a0se r\u00e9serve le droit d\u2019effectuer, \u00e0 tout moment et sans pr\u00e9avis, des modifications et actualisations de l\u2019information contenue dans le site WEB, de sa configuration et de sa pr\u00e9sentation et des conditions d\u2019acc\u00e8s. De m\u00eame, elle ne sera pas tenue responsable des dommages et pr\u00e9judices directs ou indirects d\u00e9coulant de l\u2019utilisation du site WEB, y compris les dommages \u00e0 des syst\u00e8mes informatiques que l\u2019utilisateur ou des tiers pourraient subir et ne garantit pas l\u2019absence de virus ou autres \u00e9l\u00e9ments pr\u00e9judiciables.<\/p>\n<p>&nbsp;<\/p>\n<p><strong>9<\/strong>&#8211;\u00a0<strong>Colorker, S.A.<\/strong>\u00a0a d\u00e9fini sa politique de protection des donn\u00e9es conform\u00e9ment aux stipulations de loi organique n\u00ba15\/1999 de protection des donn\u00e9es \u00e0 caract\u00e8re personnel et le d\u00e9cret royal relatif aux mesures de s\u00e9curit\u00e9 n\u00ba994\/1999, en ce qui concerne les donn\u00e9es que vous fournissez librement et volontairement \u00e0 travers le site WEB.<\/p>\n<p>&nbsp;<\/p>\n<p><strong>10<\/strong>&#8211;\u00a0Les moyens suivants, par lesquels les utilisateurs pourront adresser leurs demandes, questions et r\u00e9clamations, sont mis \u00e0 disposition\u00a0:<\/p>\n<p>Par courrier \u00e0\u00a0:<\/p>\n<p><strong>Colorker, S.A.<\/strong><\/p>\n<p>Ctra. Alcora, Km. 21,3. 12110 L\u2019Alcora, Castell\u00f3n<\/p>\n<p>Apdo. de Correos 95<\/p>\n<p>Tel.\u00a0: (+34) 964 36 16 16<\/p>\n<p>Fax\u00a0: (+34) 964 38 64 32<\/p>\n<p>Email\u00a0: colorker@colorker.com, admon@colorker.com<\/p>\n<p>A l\u2019aide des formulaires disponibles sur ce site.<\/p>\n<p>&nbsp;<\/p>\n<p><strong>11<\/strong>&#8211;\u00a0Le pr\u00e9sent avertissement l\u00e9gal et les relations susceptibles d\u2019\u00eatre \u00e9tablies entre l\u2019utilisateur et Colorker, SA seront r\u00e9gies par la l\u00e9gislation espagnole et sont soumises \u00e0 la juridiction des Tribunaux comp\u00e9tents de Castell\u00f3n.<\/p>\n","protected":false},"excerpt":{"rendered":"<p>1&#8211;\u00a0Les pr\u00e9sentes conditions r\u00e9gissent l\u2019utilisation du site internet avec URL\u00a0www.colorker.com\u00a0et l\u2019acc\u00e8s et l\u2019utilisation de ces pages impliquent l\u2019acceptation pleine et sans r\u00e9serve des pr\u00e9sentes conditions, raison pour laquelle nous vous recommandons de les lire attentivement. &nbsp; 2&#8211;\u00a0L\u2019utilisateur s\u2019engage \u00e0 utiliser le site\u00a0www.colorker.com\u00a0conform\u00e9ment \u00e0 la loi, au pr\u00e9sent avertissement l\u00e9gal, aux r\u00e8glements et instructions port\u00e9s \u00e0 [&hellip;]<\/p>\n","protected":false},"author":1,"featured_media":0,"parent":0,"menu_order":0,"comment_status":"closed","ping_status":"closed","template":"template-legales.php","meta":{"_acf_changed":false,"footnotes":""},"class_list":["post-19397","page","type-page","status-publish","hentry"],"acf":[],"yoast_head":"<!-- This site is optimized with the Yoast SEO plugin v27.3 - https:\/\/yoast.com\/product\/yoast-seo-wordpress\/ -->\n<title>Avis juridique - Colorker<\/title>\n<meta name=\"robots\" content=\"index, follow, max-snippet:-1, max-image-preview:large, max-video-preview:-1\" \/>\n<link rel=\"canonical\" href=\"https:\/\/www.colorker.com\/fr\/legal\/\" \/>\n<meta property=\"og:locale\" content=\"fr_FR\" \/>\n<meta property=\"og:type\" content=\"article\" \/>\n<meta property=\"og:title\" content=\"Avis juridique - Colorker\" \/>\n<meta property=\"og:description\" content=\"1&#8211;\u00a0Les pr\u00e9sentes conditions r\u00e9gissent l\u2019utilisation du site internet avec URL\u00a0www.colorker.com\u00a0et l\u2019acc\u00e8s et l\u2019utilisation de ces pages impliquent l\u2019acceptation pleine et sans r\u00e9serve des pr\u00e9sentes conditions, raison pour laquelle nous vous recommandons de les lire attentivement. &nbsp; 2&#8211;\u00a0L\u2019utilisateur s\u2019engage \u00e0 utiliser le site\u00a0www.colorker.com\u00a0conform\u00e9ment \u00e0 la loi, au pr\u00e9sent avertissement l\u00e9gal, aux r\u00e8glements et instructions port\u00e9s \u00e0 [&hellip;]\" \/>\n<meta property=\"og:url\" content=\"https:\/\/www.colorker.com\/fr\/legal\/\" \/>\n<meta property=\"og:site_name\" content=\"Colorker\" \/>\n<meta property=\"article:modified_time\" content=\"2025-06-24T14:13:54+00:00\" \/>\n<meta name=\"twitter:card\" content=\"summary_large_image\" \/>\n<meta name=\"twitter:label1\" content=\"Dur\u00e9e de lecture estim\u00e9e\" \/>\n\t<meta name=\"twitter:data1\" content=\"4 minutes\" \/>\n<script type=\"application\/ld+json\" class=\"yoast-schema-graph\">{\"@context\":\"https:\\\/\\\/schema.org\",\"@graph\":[{\"@type\":\"WebPage\",\"@id\":\"https:\\\/\\\/www.colorker.com\\\/fr\\\/legal\\\/\",\"url\":\"https:\\\/\\\/www.colorker.com\\\/fr\\\/legal\\\/\",\"name\":\"Avis juridique - Colorker\",\"isPartOf\":{\"@id\":\"https:\\\/\\\/www.colorker.com\\\/fr\\\/#website\"},\"datePublished\":\"2025-04-23T09:25:47+00:00\",\"dateModified\":\"2025-06-24T14:13:54+00:00\",\"breadcrumb\":{\"@id\":\"https:\\\/\\\/www.colorker.com\\\/fr\\\/legal\\\/#breadcrumb\"},\"inLanguage\":\"fr-FR\",\"potentialAction\":[{\"@type\":\"ReadAction\",\"target\":[\"https:\\\/\\\/www.colorker.com\\\/fr\\\/legal\\\/\"]}]},{\"@type\":\"BreadcrumbList\",\"@id\":\"https:\\\/\\\/www.colorker.com\\\/fr\\\/legal\\\/#breadcrumb\",\"itemListElement\":[{\"@type\":\"ListItem\",\"position\":1,\"name\":\"Portada\",\"item\":\"https:\\\/\\\/www.colorker.com\\\/fr\\\/\"},{\"@type\":\"ListItem\",\"position\":2,\"name\":\"Avis juridique\"}]},{\"@type\":\"WebSite\",\"@id\":\"https:\\\/\\\/www.colorker.com\\\/fr\\\/#website\",\"url\":\"https:\\\/\\\/www.colorker.com\\\/fr\\\/\",\"name\":\"Colorker\",\"description\":\"\",\"potentialAction\":[{\"@type\":\"SearchAction\",\"target\":{\"@type\":\"EntryPoint\",\"urlTemplate\":\"https:\\\/\\\/www.colorker.com\\\/fr\\\/?s={search_term_string}\"},\"query-input\":{\"@type\":\"PropertyValueSpecification\",\"valueRequired\":true,\"valueName\":\"search_term_string\"}}],\"inLanguage\":\"fr-FR\"}]}<\/script>\n<!-- \/ Yoast SEO plugin. -->","yoast_head_json":{"title":"Avis juridique - Colorker","robots":{"index":"index","follow":"follow","max-snippet":"max-snippet:-1","max-image-preview":"max-image-preview:large","max-video-preview":"max-video-preview:-1"},"canonical":"https:\/\/www.colorker.com\/fr\/legal\/","og_locale":"fr_FR","og_type":"article","og_title":"Avis juridique - Colorker","og_description":"1&#8211;\u00a0Les pr\u00e9sentes conditions r\u00e9gissent l\u2019utilisation du site internet avec URL\u00a0www.colorker.com\u00a0et l\u2019acc\u00e8s et l\u2019utilisation de ces pages impliquent l\u2019acceptation pleine et sans r\u00e9serve des pr\u00e9sentes conditions, raison pour laquelle nous vous recommandons de les lire attentivement. &nbsp; 2&#8211;\u00a0L\u2019utilisateur s\u2019engage \u00e0 utiliser le site\u00a0www.colorker.com\u00a0conform\u00e9ment \u00e0 la loi, au pr\u00e9sent avertissement l\u00e9gal, aux r\u00e8glements et instructions port\u00e9s \u00e0 [&hellip;]","og_url":"https:\/\/www.colorker.com\/fr\/legal\/","og_site_name":"Colorker","article_modified_time":"2025-06-24T14:13:54+00:00","twitter_card":"summary_large_image","twitter_misc":{"Dur\u00e9e de lecture estim\u00e9e":"4 minutes"},"schema":{"@context":"https:\/\/schema.org","@graph":[{"@type":"WebPage","@id":"https:\/\/www.colorker.com\/fr\/legal\/","url":"https:\/\/www.colorker.com\/fr\/legal\/","name":"Avis juridique - Colorker","isPartOf":{"@id":"https:\/\/www.colorker.com\/fr\/#website"},"datePublished":"2025-04-23T09:25:47+00:00","dateModified":"2025-06-24T14:13:54+00:00","breadcrumb":{"@id":"https:\/\/www.colorker.com\/fr\/legal\/#breadcrumb"},"inLanguage":"fr-FR","potentialAction":[{"@type":"ReadAction","target":["https:\/\/www.colorker.com\/fr\/legal\/"]}]},{"@type":"BreadcrumbList","@id":"https:\/\/www.colorker.com\/fr\/legal\/#breadcrumb","itemListElement":[{"@type":"ListItem","position":1,"name":"Portada","item":"https:\/\/www.colorker.com\/fr\/"},{"@type":"ListItem","position":2,"name":"Avis juridique"}]},{"@type":"WebSite","@id":"https:\/\/www.colorker.com\/fr\/#website","url":"https:\/\/www.colorker.com\/fr\/","name":"Colorker","description":"","potentialAction":[{"@type":"SearchAction","target":{"@type":"EntryPoint","urlTemplate":"https:\/\/www.colorker.com\/fr\/?s={search_term_string}"},"query-input":{"@type":"PropertyValueSpecification","valueRequired":true,"valueName":"search_term_string"}}],"inLanguage":"fr-FR"}]}},"_links":{"self":[{"href":"https:\/\/www.colorker.com\/fr\/wp-json\/wp\/v2\/pages\/19397","targetHints":{"allow":["GET"]}}],"collection":[{"href":"https:\/\/www.colorker.com\/fr\/wp-json\/wp\/v2\/pages"}],"about":[{"href":"https:\/\/www.colorker.com\/fr\/wp-json\/wp\/v2\/types\/page"}],"author":[{"embeddable":true,"href":"https:\/\/www.colorker.com\/fr\/wp-json\/wp\/v2\/users\/1"}],"replies":[{"embeddable":true,"href":"https:\/\/www.colorker.com\/fr\/wp-json\/wp\/v2\/comments?post=19397"}],"version-history":[{"count":2,"href":"https:\/\/www.colorker.com\/fr\/wp-json\/wp\/v2\/pages\/19397\/revisions"}],"predecessor-version":[{"id":22976,"href":"https:\/\/www.colorker.com\/fr\/wp-json\/wp\/v2\/pages\/19397\/revisions\/22976"}],"wp:attachment":[{"href":"https:\/\/www.colorker.com\/fr\/wp-json\/wp\/v2\/media?parent=19397"}],"curies":[{"name":"wp","href":"https:\/\/api.w.org\/{rel}","templated":true}]}}