{"id":19393,"date":"2025-04-23T11:25:55","date_gmt":"2025-04-23T09:25:55","guid":{"rendered":"https:\/\/desarrollo.digitalsquare.es\/colorker2\/cookies\/"},"modified":"2025-06-24T16:16:02","modified_gmt":"2025-06-24T14:16:02","slug":"cookies","status":"publish","type":"page","link":"https:\/\/www.colorker.com\/fr\/cookies\/","title":{"rendered":"Cookies"},"content":{"rendered":"<p><strong>POLITIQUE DE COOKIES DE www.colorker.com<\/strong><\/p>\n<p><strong>QUE SONT LES COOKIES ?<\/strong><\/p>\n<p>Les cookies sont de petits fichiers install\u00e9s sur le disque dur ou dans le navigateur de l&rsquo;ordinateur, tablette, smartphone ou appareil \u00e9quivalent permettant la navigation sur Internet et aident, entre autres, \u00e0 : personnaliser les services du propri\u00e9taire du site Web, faciliter la navigation et l&rsquo;utilisation de celui-ci, obtenir des informations agr\u00e9g\u00e9es sur les visiteurs du site, permettre la reproduction et l&rsquo;affichage de contenus multim\u00e9dias sur le site, permettre des \u00e9l\u00e9ments d&rsquo;interaction entre l&rsquo;utilisateur et le site, activer des outils de s\u00e9curit\u00e9, etc.<\/p>\n<p><strong>D\u00c9FINITIONS UTILIS\u00c9ES DANS LA PR\u00c9SENTE POLITIQUE DE COOKIES<\/strong><\/p>\n<ul>\n<li>Ergonomie du site : on peut la d\u00e9finir comme l&rsquo;exp\u00e9rience de navigation d&rsquo;un utilisateur quand il utilise les services d&rsquo;un site et interagit avec lui<\/li>\n<li>Informations agr\u00e9g\u00e9es : informations non nominatives, g\u00e9n\u00e9ralement num\u00e9riques, utilis\u00e9es dans le but de fournir des statistiques<\/li>\n<li>\u00c9quipement terminal : l&rsquo;appareil (ordinateur, smartphone, tablette, etc.) de l&rsquo;utilisateur qui navigue sur Internet<\/li>\n<li>\u00c9diteur : le responsable ou le propri\u00e9taire du site Web<\/li>\n<li>Tiers : entit\u00e9 externe, collaboratrice, prestataire de services ou li\u00e9e \u00e0 l&rsquo;\u00e9diteur, qui intervient dans la gestion de certains cookies<\/li>\n<li>Responsable du cookie : l&rsquo;\u00e9diteur, le responsable, le propri\u00e9taire du site Web ou m\u00eame le tiers dans certains cas<\/li>\n<li>Habitudes de navigation : tendances manifest\u00e9es par l&rsquo;utilisateur lors de sa navigation sur un site Web, par exemple le temps de visite du site, les sections visit\u00e9es, les sections plus fr\u00e9quentes, l&rsquo;origine de la visite, la destination de la visite, entre autres.<\/li>\n<\/ul>\n<p>&nbsp;<\/p>\n<p><strong>QUELS TYPES DE COOKIES EXISTENT ?<\/strong><\/p>\n<p>En fonction de l&rsquo;entit\u00e9 qui les g\u00e8rent :<\/p>\n<p>Cookies propres : ce sont les cookies qui sont envoy\u00e9s \u00e0 l&rsquo;\u00e9quipement terminal de l&rsquo;utilisateur depuis un \u00e9quipement ou un domaine g\u00e9r\u00e9 par l&rsquo;\u00e9diteur lui-m\u00eame, et \u00e0 partir duquel est fourni le service demand\u00e9 par l&rsquo;utilisateur.<\/p>\n<p>Cookies tiers : ce sont les cookies envoy\u00e9s \u00e0 l&rsquo;\u00e9quipement terminal de l&rsquo;utilisateur depuis un \u00e9quipement ou un domaine qui n&rsquo;est pas g\u00e9r\u00e9 par l&rsquo;\u00e9diteur, mais par une autre entit\u00e9 qui traite les donn\u00e9es obtenues par l&rsquo;interm\u00e9diaire des cookies.<\/p>\n<p>En fonction du d\u00e9lai durant lequel ils restent actifs dans l&rsquo;\u00e9quipement terminal :<\/p>\n<p>Cookies de session : ces cookies sont con\u00e7us pour recueillir et stocker des informations quand un utilisateur acc\u00e8de au site Web.<\/p>\n<p>Cookies persistants : les donn\u00e9es de ces cookies restent stock\u00e9es sur le terminal. Ils sont accessibles et peuvent \u00eatre trait\u00e9s pendant une p\u00e9riode d\u00e9finie par le responsable du cookie, qui peut aller de quelques minutes \u00e0 plusieurs ann\u00e9es.<\/p>\n<p>En fonction de la finalit\u00e9 pour laquelle sont les donn\u00e9es obtenues \u00e0 travers les cookies sont trait\u00e9es :<\/p>\n<p>Cookies techniques : ils permettent \u00e0 l\u2019utilisateur de naviguer sur une page Web, une plate-forme ou une application, et d\u2019utiliser les diff\u00e9rentes options ou les diff\u00e9rents services (par exemple le contr\u00f4le du trafic et des communications de donn\u00e9es, l\u2019identification de la session, l\u2019acc\u00e8s aux zones restreintes, l\u2019enregistrement d\u2019\u00e9l\u00e9ments qui int\u00e8grent une commande, l\u2019inscription ou la demande de participation \u00e0 un \u00e9v\u00e9nement), ainsi que d\u2019utiliser des \u00e9l\u00e9ments de s\u00e9curit\u00e9 pendant la navigation, de stocker du contenu et de diffuser des vid\u00e9os, ou des sons, et de partager des contenus sur les r\u00e9seaux sociaux.<\/p>\n<p>Cookies de personnalisation : ces cookies permettent \u00e0 l&rsquo;utilisateur d&rsquo;acc\u00e9der au service avec certaines caract\u00e9ristiques g\u00e9n\u00e9rales pr\u00e9d\u00e9finies en fonction d&rsquo;une s\u00e9rie de crit\u00e8res du terminal de l&rsquo;utilisateur, tels que la langue, le type de navigateur gr\u00e2ce auquel il acc\u00e8de au service, la configuration r\u00e9gionale depuis laquelle il acc\u00e8de au service, etc.<\/p>\n<p>Cookies d\u2019analyse : ces cookies permettent \u00e0 leur responsable de suivre et d&rsquo;analyser le comportement des utilisateurs des sites Web auxquels ils sont li\u00e9s. Les informations recueillies par ce type de cookies sont utilis\u00e9es dans le m\u00e9trage de l&rsquo;activit\u00e9 des sites web, des applications ou des plateformes, ainsi que dans l&rsquo;\u00e9laboration de profils de navigation des utilisateurs de ces m\u00eames sites, applications et plateformes, dans le but d&rsquo;apporter des am\u00e9liorations en fonction de l&rsquo;analyse des donn\u00e9es d&rsquo;utilisation du service par ses utilisateurs.<\/p>\n<p>Cookies publicitaires : ils permettent une gestion aussi efficace que possible des espaces publicitaires que, le cas \u00e9ch\u00e9ant, l&rsquo;\u00e9diteur a inclus dans un site Web, une application ou une plateforme depuis lesquels est fourni le service demand\u00e9, sur la base de crit\u00e8res tels que le contenu \u00e9dit\u00e9 ou la fr\u00e9quence \u00e0 laquelle les annonces sont affich\u00e9es.<\/p>\n<p>Cookies publicitaires comportementaux : ils permettent la gestion aussi efficace que possible des espaces publicitaires que, le cas \u00e9ch\u00e9ant, l&rsquo;\u00e9diteur a inclus sur un site Web, une application ou une plateforme depuis lesquels est fourni le service demand\u00e9. Ces cookies stockent des informations sur le comportement des utilisateurs obtenues gr\u00e2ce \u00e0 l&rsquo;observation continue de leurs habitudes de navigation, ce qui permet de d\u00e9velopper un profil sp\u00e9cifique pour afficher de la publicit\u00e9 en fonction de ce dernier.<\/p>\n<p><strong>CONCR\u00c8TEMENT, QUELS COOKIES UTILISONS-NOUS ?<\/strong><\/p>\n<p>&nbsp;<\/p>\n<p><strong>COMMENT D\u00c9SACTIVER LES COOKIES ?<\/strong><\/p>\n<p>Le blocage ou la d\u00e9sactivation de tous les cookies contribue \u00e0 prot\u00e9ger la vie priv\u00e9e, mais peut aussi restreindre l&rsquo;exp\u00e9rience que proposent certains sites Web, limiter leurs fonctionnalit\u00e9s voire emp\u00eacher la navigation ou l&rsquo;utilisation de certains services. Si vous souhaitez savoir comment d\u00e9sactiver les cookies sur les navigateurs les plus populaires, acc\u00e9dez aux tutoriels suivants :<\/p>\n<ul>\n<li><a href=\"http:\/\/support.google.com\/chrome\/answer\/95647?hl=es\">Google Chrome<\/a><\/li>\n<li><a href=\"http:\/\/support.mozilla.org\/es\/kb\/habilitar-y-deshabilitar-cookies-que-los-sitios-we\">Mozilla Firefox<\/a><\/li>\n<li><a href=\"http:\/\/windows.microsoft.com\/es-es\/windows-vista\/block-or-allow-cookies\">Internet Explorer<\/a><\/li>\n<li><a href=\"http:\/\/support.apple.com\/es-es\/HT1677\">Safari<\/a><\/li>\n<li><a href=\"http:\/\/support.google.com\/chrome\/answer\/2392971?hl=es\">Chrome pour Android<\/a><\/li>\n<li><a href=\"http:\/\/help.opera.com\/Windows\/11.50\/es-ES\/cookies.html\">Opera<\/a><\/li>\n<\/ul>\n<p>Si vous avez des questions sur cette politique de cookies, vous pouvez nous contacter \u00e0 l&rsquo;adresse info@colorker.com<\/p>\n","protected":false},"excerpt":{"rendered":"<p>POLITIQUE DE COOKIES DE www.colorker.com QUE SONT LES COOKIES ? Les cookies sont de petits fichiers install\u00e9s sur le disque dur ou dans le navigateur de l&rsquo;ordinateur, tablette, smartphone ou appareil \u00e9quivalent permettant la navigation sur Internet et aident, entre autres, \u00e0 : personnaliser les services du propri\u00e9taire du site Web, faciliter la navigation et [&hellip;]<\/p>\n","protected":false},"author":1,"featured_media":0,"parent":0,"menu_order":0,"comment_status":"closed","ping_status":"closed","template":"template-legales.php","meta":{"_acf_changed":false,"footnotes":""},"class_list":["post-19393","page","type-page","status-publish","hentry"],"acf":[],"yoast_head":"<!-- This site is optimized with the Yoast SEO plugin v27.3 - https:\/\/yoast.com\/product\/yoast-seo-wordpress\/ -->\n<title>Cookies - Colorker<\/title>\n<meta name=\"robots\" content=\"index, follow, max-snippet:-1, max-image-preview:large, max-video-preview:-1\" \/>\n<link rel=\"canonical\" href=\"https:\/\/www.colorker.com\/fr\/cookies\/\" \/>\n<meta property=\"og:locale\" content=\"fr_FR\" \/>\n<meta property=\"og:type\" content=\"article\" \/>\n<meta property=\"og:title\" content=\"Cookies - Colorker\" \/>\n<meta property=\"og:description\" content=\"POLITIQUE DE COOKIES DE www.colorker.com QUE SONT LES COOKIES ? Les cookies sont de petits fichiers install\u00e9s sur le disque dur ou dans le navigateur de l&rsquo;ordinateur, tablette, smartphone ou appareil \u00e9quivalent permettant la navigation sur Internet et aident, entre autres, \u00e0 : personnaliser les services du propri\u00e9taire du site Web, faciliter la navigation et [&hellip;]\" \/>\n<meta property=\"og:url\" content=\"https:\/\/www.colorker.com\/fr\/cookies\/\" \/>\n<meta property=\"og:site_name\" content=\"Colorker\" \/>\n<meta property=\"article:modified_time\" content=\"2025-06-24T14:16:02+00:00\" \/>\n<meta name=\"twitter:card\" content=\"summary_large_image\" \/>\n<meta name=\"twitter:label1\" content=\"Dur\u00e9e de lecture estim\u00e9e\" \/>\n\t<meta name=\"twitter:data1\" content=\"4 minutes\" \/>\n<script type=\"application\/ld+json\" class=\"yoast-schema-graph\">{\"@context\":\"https:\\\/\\\/schema.org\",\"@graph\":[{\"@type\":\"WebPage\",\"@id\":\"https:\\\/\\\/www.colorker.com\\\/fr\\\/cookies\\\/\",\"url\":\"https:\\\/\\\/www.colorker.com\\\/fr\\\/cookies\\\/\",\"name\":\"Cookies - Colorker\",\"isPartOf\":{\"@id\":\"https:\\\/\\\/www.colorker.com\\\/fr\\\/#website\"},\"datePublished\":\"2025-04-23T09:25:55+00:00\",\"dateModified\":\"2025-06-24T14:16:02+00:00\",\"breadcrumb\":{\"@id\":\"https:\\\/\\\/www.colorker.com\\\/fr\\\/cookies\\\/#breadcrumb\"},\"inLanguage\":\"fr-FR\",\"potentialAction\":[{\"@type\":\"ReadAction\",\"target\":[\"https:\\\/\\\/www.colorker.com\\\/fr\\\/cookies\\\/\"]}]},{\"@type\":\"BreadcrumbList\",\"@id\":\"https:\\\/\\\/www.colorker.com\\\/fr\\\/cookies\\\/#breadcrumb\",\"itemListElement\":[{\"@type\":\"ListItem\",\"position\":1,\"name\":\"Portada\",\"item\":\"https:\\\/\\\/www.colorker.com\\\/fr\\\/\"},{\"@type\":\"ListItem\",\"position\":2,\"name\":\"Cookies\"}]},{\"@type\":\"WebSite\",\"@id\":\"https:\\\/\\\/www.colorker.com\\\/fr\\\/#website\",\"url\":\"https:\\\/\\\/www.colorker.com\\\/fr\\\/\",\"name\":\"Colorker\",\"description\":\"\",\"potentialAction\":[{\"@type\":\"SearchAction\",\"target\":{\"@type\":\"EntryPoint\",\"urlTemplate\":\"https:\\\/\\\/www.colorker.com\\\/fr\\\/?s={search_term_string}\"},\"query-input\":{\"@type\":\"PropertyValueSpecification\",\"valueRequired\":true,\"valueName\":\"search_term_string\"}}],\"inLanguage\":\"fr-FR\"}]}<\/script>\n<!-- \/ Yoast SEO plugin. -->","yoast_head_json":{"title":"Cookies - Colorker","robots":{"index":"index","follow":"follow","max-snippet":"max-snippet:-1","max-image-preview":"max-image-preview:large","max-video-preview":"max-video-preview:-1"},"canonical":"https:\/\/www.colorker.com\/fr\/cookies\/","og_locale":"fr_FR","og_type":"article","og_title":"Cookies - Colorker","og_description":"POLITIQUE DE COOKIES DE www.colorker.com QUE SONT LES COOKIES ? Les cookies sont de petits fichiers install\u00e9s sur le disque dur ou dans le navigateur de l&rsquo;ordinateur, tablette, smartphone ou appareil \u00e9quivalent permettant la navigation sur Internet et aident, entre autres, \u00e0 : personnaliser les services du propri\u00e9taire du site Web, faciliter la navigation et [&hellip;]","og_url":"https:\/\/www.colorker.com\/fr\/cookies\/","og_site_name":"Colorker","article_modified_time":"2025-06-24T14:16:02+00:00","twitter_card":"summary_large_image","twitter_misc":{"Dur\u00e9e de lecture estim\u00e9e":"4 minutes"},"schema":{"@context":"https:\/\/schema.org","@graph":[{"@type":"WebPage","@id":"https:\/\/www.colorker.com\/fr\/cookies\/","url":"https:\/\/www.colorker.com\/fr\/cookies\/","name":"Cookies - Colorker","isPartOf":{"@id":"https:\/\/www.colorker.com\/fr\/#website"},"datePublished":"2025-04-23T09:25:55+00:00","dateModified":"2025-06-24T14:16:02+00:00","breadcrumb":{"@id":"https:\/\/www.colorker.com\/fr\/cookies\/#breadcrumb"},"inLanguage":"fr-FR","potentialAction":[{"@type":"ReadAction","target":["https:\/\/www.colorker.com\/fr\/cookies\/"]}]},{"@type":"BreadcrumbList","@id":"https:\/\/www.colorker.com\/fr\/cookies\/#breadcrumb","itemListElement":[{"@type":"ListItem","position":1,"name":"Portada","item":"https:\/\/www.colorker.com\/fr\/"},{"@type":"ListItem","position":2,"name":"Cookies"}]},{"@type":"WebSite","@id":"https:\/\/www.colorker.com\/fr\/#website","url":"https:\/\/www.colorker.com\/fr\/","name":"Colorker","description":"","potentialAction":[{"@type":"SearchAction","target":{"@type":"EntryPoint","urlTemplate":"https:\/\/www.colorker.com\/fr\/?s={search_term_string}"},"query-input":{"@type":"PropertyValueSpecification","valueRequired":true,"valueName":"search_term_string"}}],"inLanguage":"fr-FR"}]}},"_links":{"self":[{"href":"https:\/\/www.colorker.com\/fr\/wp-json\/wp\/v2\/pages\/19393","targetHints":{"allow":["GET"]}}],"collection":[{"href":"https:\/\/www.colorker.com\/fr\/wp-json\/wp\/v2\/pages"}],"about":[{"href":"https:\/\/www.colorker.com\/fr\/wp-json\/wp\/v2\/types\/page"}],"author":[{"embeddable":true,"href":"https:\/\/www.colorker.com\/fr\/wp-json\/wp\/v2\/users\/1"}],"replies":[{"embeddable":true,"href":"https:\/\/www.colorker.com\/fr\/wp-json\/wp\/v2\/comments?post=19393"}],"version-history":[{"count":1,"href":"https:\/\/www.colorker.com\/fr\/wp-json\/wp\/v2\/pages\/19393\/revisions"}],"predecessor-version":[{"id":22978,"href":"https:\/\/www.colorker.com\/fr\/wp-json\/wp\/v2\/pages\/19393\/revisions\/22978"}],"wp:attachment":[{"href":"https:\/\/www.colorker.com\/fr\/wp-json\/wp\/v2\/media?parent=19393"}],"curies":[{"name":"wp","href":"https:\/\/api.w.org\/{rel}","templated":true}]}}