{"id":19389,"date":"2025-04-23T11:26:05","date_gmt":"2025-04-23T09:26:05","guid":{"rendered":"https:\/\/desarrollo.digitalsquare.es\/colorker2\/condiciones-de-venta\/"},"modified":"2025-06-24T16:15:15","modified_gmt":"2025-06-24T14:15:15","slug":"sales-policy","status":"publish","type":"page","link":"https:\/\/www.colorker.com\/fr\/sales-policy\/","title":{"rendered":"Conditions de vente"},"content":{"rendered":"<h1><strong>CONDITIONS G\u00c9N\u00c9RALES DE VENTE<\/strong><\/h1>\n<p><strong>1. Conditions g\u00e9n\u00e9rales<\/strong><\/p>\n<p>Les pr\u00e9sentes Conditions G\u00e9n\u00e9rales r\u00e9gissent l&rsquo;acquisition par le Client des produits de COLORKER, SA (\u00ab\u00a0Colorker\u00a0\u00bb). Leur contenu est joint au verso du bon de commande des produits, o\u00f9 sont d\u00e9taill\u00e9es les conditions particuli\u00e8res de vente (les \u00ab\u00a0Conditions Particuli\u00e8res\u00a0\u00bb). En cas de divergence entre les Conditions G\u00e9n\u00e9rales et les Conditions Particuli\u00e8res, les dispositions des Conditions Particuli\u00e8res pr\u00e9valent. Les Conditions G\u00e9n\u00e9rales doivent \u00eatre express\u00e9ment accept\u00e9es par le Client. Une fois celles-ci accept\u00e9es, toute commande effectu\u00e9e par le Client supposera l&rsquo;acceptation des pr\u00e9sentes Conditions G\u00e9n\u00e9rales. Colorker se r\u00e9serve le droit de modifier et\/ou de mettre \u00e0 jour les pr\u00e9sentes Conditions G\u00e9n\u00e9rales, ce dont le Client sera pr\u00e9alablement inform\u00e9 par \u00e9crit. Il pourra les accepter ou les refuser en cas de modification substantielle. Le Client sera r\u00e9put\u00e9 avoir accept\u00e9 express\u00e9ment les modifications ou les mises \u00e0 jour si, une fois inform\u00e9 de ces modifications et\/ou de ces mises \u00e0 jour, il passe une nouvelle commande \u00e0 Colorker. En tout \u00e9tat de cause, les modifications et\/ou mises \u00e0 jour des Conditions G\u00e9n\u00e9rales remplacent enti\u00e8rement les Conditions pr\u00e9c\u00e9demment existantes, et prennent effet \u00e0 la date de toute nouvelle commande.<\/p>\n<p><strong>2. Commandes<\/strong><\/p>\n<p>Les commandes seront effectu\u00e9es par le Client, par t\u00e9l\u00e9phone, e-mail, fax ou en personne dans les locaux de Colorker. Une fois la commande effectu\u00e9e, Colorker \u00e9mettra le bon de commande correspondant, o\u00f9 figureront : Les produits demand\u00e9s, le d\u00e9lai et le lieu de livraison ainsi que toutes les observations du Client et de Colorker au sujet de la commande (le \u00ab\u00a0Bon de commande\u00a0\u00bb). L&rsquo;\u00e9mission du Bon de Commande vaut acceptation expresse de la commande par Colorker. Le Bon de Commande est envoy\u00e9 au Client par e-mail, fax ou tout autre moyen \u00e9crit convenu avec le Client. Le Bon de Commande doit \u00eatre express\u00e9ment accept\u00e9 par le Client par e-mail, fax ou en personne, dans les dix (10) jours ouvrables qui suivent son envoi. Le d\u00e9faut d&rsquo;acceptation ou d&rsquo;accus\u00e9 de r\u00e9ception et de conformit\u00e9 dans les d\u00e9lais indiqu\u00e9s sera consid\u00e9r\u00e9 comme une renonciation \u00e0 la commande par le Client.<\/p>\n<p><strong>3. Conditions de livraison<\/strong><\/p>\n<p>Colorker livrera les produits au Client sur une base d\u00e9part usine \u00ab\u00a0Ex Works\u00a0\u00bb<\/p>\n<p>\u2022 EXW PARTIDA ELS PLANS. S\/N. 12592. CHILCHES (CASTELL\u00d3N) ESPA\u00d1A<\/p>\n<p>\u2022 EXW PARTIDA LA TORRETA 95, 12110 ALCORA (CASTELL\u00d3N) ESPA\u00d1A<\/p>\n<p>&#8211; conform\u00e9ment aux dispositions des Incoterms. \u00c9d. 2010. ICC Publication.<\/p>\n<p><strong>4. V\u00e9rification des commandes et des produits<\/strong><\/p>\n<p>Colorker met les produits \u00e0 la disposition du transporteur dans ses propres locaux, conform\u00e9ment \u00e0 l&rsquo;INCOTERM stipul\u00e9. Les risques li\u00e9s au transport, au d\u00e9chargement, \u00e0 l&rsquo;assurance, \u00e0 l&rsquo;exportation et \u00e0 l&rsquo;importation des produits sont \u00e0 la charge du Client, conform\u00e9ment \u00e0 l&rsquo;INCOTERM stipul\u00e9. Le transporteur engag\u00e9 par le Client assume le risque de l&rsquo;op\u00e9ration d\u00e8s que les produits sont mis \u00e0 sa disposition sur son moyen de transport. Le transporteur et Colorker v\u00e9rifieront le bon \u00e9tat des produits, de l&#8217;emballage, de l&rsquo;\u00e9tiquetage ainsi que le volume avant le chargement. Le chargement des produits sur le moyen de transport suppose que ceux-ci sont en parfait \u00e9tat et conformes.<\/p>\n<p><strong>5. Emballage et \u00e9tiquetage<\/strong><\/p>\n<p>Tous les produits sont emball\u00e9s et \u00e9tiquet\u00e9s par Colorker conform\u00e9ment \u00e0 leur nature, caract\u00e9ristiques, conservation et mesures de s\u00e9curit\u00e9, de mani\u00e8re \u00e0 pouvoir \u00eatre exp\u00e9di\u00e9s au Client dans les meilleures conditions et conform\u00e9ment \u00e0 la r\u00e9glementation applicable. En cas d&rsquo;exportation et d&rsquo;importation des produits, le Client indiquera \u00e0 Colorker s&rsquo;il existe des r\u00e8gles sp\u00e9cifiques d&#8217;emballage et d&rsquo;\u00e9tiquetage dans le pays d&rsquo;importation, afin que Colorker puisse adapter la commande conform\u00e9ment aux indications du Client. Colorker n&rsquo;est pas responsable de tout retard de livraison d\u00fb \u00e0 la r\u00e9tention des produits \u00e0 la douane, ni des frais que cette r\u00e9tention pourrait entra\u00eener. Dans ces circonstances, Colorker fera tout son possible pour rem\u00e9dier au d\u00e9faut de conformit\u00e9 de l&rsquo;exp\u00e9dition, de bonne foi et dans les meilleurs d\u00e9lais. Si le Client renonce \u00e0 la commande, il sera tenu de payer 100 % des frais occasionn\u00e9s par la r\u00e9tention des produits \u00e0 la douane. Les emballages et les produits de Colorker sont conformes \u00e0 la premi\u00e8re disposition additionnelle de la loi 11\/1997 sur les emballages et les d\u00e9chets d&#8217;emballages, de sorte que le Client est responsable de leur gestion.<\/p>\n<p><strong>6. Garantie<\/strong><\/p>\n<p>\u00c0 r\u00e9ception de la commande, le Client v\u00e9rifiera le bon \u00e9tat de l&#8217;emballage, de l&rsquo;\u00e9tiquetage et des produits et confirmera que le volume des produits livr\u00e9s est conforme au bon de livraison sign\u00e9 par Colorker et le transporteur. Afin d&rsquo;en attester la conformit\u00e9, le Client signera, \u00e0 son tour, le bon de livraison. La garantie de Colorker est limit\u00e9e par le Bon Commande et la description des produits dans les catalogues, le site internet et la documentation officielle de Colorker. Le Client dispose d&rsquo;un d\u00e9lai de r\u00e9clamation, \u00e0 compter de la date de r\u00e9ception des produits telle qu&rsquo;indiqu\u00e9e sur le Bon de livraison (la \u00ab\u00a0Date de livraison\u00a0\u00bb), de :<\/p>\n<ul>\n<li>quatorze (14) jours \u00e0 compter de la Date de Livraison, pour effectuer toute r\u00e9clamation li\u00e9e \u00e0 une non-conformit\u00e9 et\/ou \u00e0 des d\u00e9fauts apparents des produits.<\/li>\n<li>soixante (60) jours \u00e0 compter de la Date de Livraison pour effectuer toute r\u00e9clamation li\u00e9e \u00e0 une non-conformit\u00e9 et\/ou \u00e0 des d\u00e9fauts cach\u00e9s des produits.<\/li>\n<li>deux (2) ans \u00e0 compter de la Date de Livraison, pour effectuer toute r\u00e9clamation li\u00e9e \u00e0 une non-conformit\u00e9 et\/ou \u00e0 des d\u00e9fauts cach\u00e9s lorsque le Client est un consommateur final. Si le d\u00e9faut ou la non-conformit\u00e9 se manifeste plus de six (6) mois \u00e0 compter de la Date de Livraison, le Client devra d\u00e9montrer \u00e0 Colorker que le d\u00e9faut ou la non-conformit\u00e9 existait d\u00e9j\u00e0 au moment de la livraison.<\/li>\n<\/ul>\n<p>Colorker n&rsquo;acceptera aucune r\u00e9clamation li\u00e9e \u00e0 des d\u00e9fauts visibles des marchandises fournies apr\u00e8s l&rsquo;installation de celles-ci. Toute r\u00e9clamation doit \u00eatre adress\u00e9e par \u00e9crit \u00e0 Colorker, en pr\u00e9cisant les motifs de la r\u00e9clamation et en joignant une copie sign\u00e9e du bon de livraison. Si la r\u00e9clamation est fond\u00e9e sur la non-conformit\u00e9 des produits en termes de qualit\u00e9, le requ\u00e9rant doit en outre fournir un \u00e9chantillon des produits exp\u00e9di\u00e9s, afin d&rsquo;effectuer les essais et v\u00e9rifications n\u00e9cessaires pour v\u00e9rifier le d\u00e9faut mentionn\u00e9. Colorker n&rsquo;acceptera pas de r\u00e9clamations effectu\u00e9es sans bon de livraison, sans \u00e9chantillon du produit ou apr\u00e8s l&rsquo;expiration du d\u00e9lai de r\u00e9clamation. Pass\u00e9 les d\u00e9lais de r\u00e9clamation pr\u00e9vus, la commande et les produits seront consid\u00e9r\u00e9s comme conformes. Si la r\u00e9clamation a \u00e9t\u00e9 pr\u00e9sent\u00e9e dans les d\u00e9lais et sous la forme pr\u00e9vus, et si Colorker l&rsquo;accepte par \u00e9crit, le Client pourra, au choix : 1) se faire livrer de nouvelles marchandises en \u00e9change de la restitution de la marchandise d\u00e9fectueuse ; 2) se faire rembourser le montant pay\u00e9 en \u00e9change de la restitution de la marchandise d\u00e9fectueuse. Si le Client choisit d&rsquo;\u00eatre rembours\u00e9, il devra proc\u00e9der au renvoi des produits dans leur emballage original et en parfait \u00e9tat.<\/p>\n<p><strong>7. Responsabilit\u00e9<\/strong><\/p>\n<p>Colorker n&rsquo;assume aucune responsabilit\u00e9 li\u00e9e aux cons\u00e9quences de l&rsquo;installation, de l&rsquo;utilisation et de l&rsquo;application de ses produits par le Client. Le Client devra effectuer les tests pr\u00e9ventifs n\u00e9cessaires pour s&rsquo;assurer que les produits sont adapt\u00e9s aux conditions thermiques, de localisation, d&rsquo;installation et autres, et que celles-ci sont conformes pour leur installation et adapt\u00e9s \u00e0 leur utilisation dans les circonstances sp\u00e9cifiques pr\u00e9vues par le Client.<\/p>\n<p><strong>8. Droit \u00e0 la compensation<\/strong><\/p>\n<p>Colorker se r\u00e9serve le droit de compenser tout montant que Colorker doit verser au Client avec toute somme que le Client doit \u00e0 Colorker.<\/p>\n<p><strong>9. R\u00e9serve de propri\u00e9t\u00e9<\/strong><\/p>\n<p>Colorker se r\u00e9serve la pleine propri\u00e9t\u00e9 des produits vendus jusqu&rsquo;au paiement total et effectif par le Client du prix et des montants factur\u00e9s. L&rsquo;Acheteur est tenu d&rsquo;informer Colorker de toutes les mesures prises par des tiers qui pourraient affecter les produits tant qu&rsquo;ils sont la propri\u00e9t\u00e9 de Colorker. De m\u00eame, le Client s&rsquo;engage \u00e0 d\u00e9signer Colorker comme b\u00e9n\u00e9ficiaire des polices d&rsquo;assurance correspondantes pour les produits sur lesquels il existe une r\u00e9serve de propri\u00e9t\u00e9 en vigueur. Le Client peut transformer ou revendre les produits dans le cadre d&rsquo;une gestion commerciale normale. La transformation des produits n&rsquo;entra\u00eene pas le transfert de la propri\u00e9t\u00e9 de ces produits au Client. Le Client c\u00e8de \u00e0 Colorker tous les droits de cr\u00e9dit r\u00e9sultant de la revente des produits, transform\u00e9s ou non, soumis en tout ou en partie \u00e0 la r\u00e9serve de propri\u00e9t\u00e9. \u00c0 la demande de Colorker, le Client doit notifier cette cession \u00e0 ses propres acheteurs. Le montant des cr\u00e9ances c\u00e9d\u00e9es et recouvr\u00e9es par le Vendeur dans de telles circonstances s&rsquo;appliquera, en premier lieu, au paiement des int\u00e9r\u00eats de retard convenus. Les quantit\u00e9s restantes, le cas \u00e9ch\u00e9ant, s&rsquo;appliqueront au montant des factures.<\/p>\n<p><strong>10. LOPD<\/strong><\/p>\n<p>Conform\u00e9ment \u00e0 la loi organique 3\/2018 du 13 d\u00e9cembre sur la Protection des Donn\u00e9es \u00e0 Caract\u00e8re Personnel, les donn\u00e9es \u00e0 caract\u00e8re personnel sont fournies par l&rsquo;acheteur seront int\u00e9gr\u00e9es aux fichiers appartenant \u00e0 COLORKER, dont les finalit\u00e9s sont le maintien de la relation contractuelle, le contr\u00f4le et la gestion des ventes et des recouvrements correspondants. L&rsquo;acheteur peut exercer ses droits d&rsquo;acc\u00e8s, de rectification, de suppression et\/ou d&rsquo;opposition en adressant une communication \u00e9crite, ainsi qu&rsquo;une copie de sa carte d&rsquo;identit\u00e9 ou d&rsquo;un autre document d&rsquo;identit\u00e9 \u00e9quivalent, \u00e0 COLORKER, SA (R\u00e9f. Protection des donn\u00e9es), Ctra. de Alcora Km. 21,3, 12110 L&rsquo;Alcora, Castell\u00f3n.<\/p>\n<p><strong>11. Prix<\/strong><\/p>\n<p>Le prix des produits est celui indiqu\u00e9, dans chaque cas, dans le Bon de Commande. Tous les prix s&rsquo;entendent Ex Works (ils n&rsquo;incluent pas les imp\u00f4ts, taxes, frais d&rsquo;exp\u00e9dition, d&rsquo;exportation et d&rsquo;importation, ni aucun autre). Les prix sont conformes \u00e0 ceux indiqu\u00e9s \u00e0 tout moment dans les catalogues et brochures officiels de Colorker. Le prix factur\u00e9 est celui indiqu\u00e9 dans le Bon de Commande confirm\u00e9 par le Client. Le Client devra v\u00e9rifier la conformit\u00e9 des factures \u00e9mises par Colorker. Toute r\u00e9clamation relative au prix indiqu\u00e9 sur la facture doit \u00eatre pr\u00e9sent\u00e9e par \u00e9crit \u00e0 Colorker dans un d\u00e9lai de 14 jours \u00e0 compter de la date d&rsquo;\u00e9mission de la facture qui fait l&rsquo;objet d&rsquo;une r\u00e9clamation.<\/p>\n<p><strong>12. Conditions de paiement<\/strong><\/p>\n<p>Les conditions de paiement sont fix\u00e9es dans le Bon de Commande, en fonction des circonstances sp\u00e9cifiques de la commande effectu\u00e9e. Elles tiendront notamment compte dans chaque cas du lieu d&rsquo;exp\u00e9dition des produits (Espagne, UE, International) et des caract\u00e9ristiques du Client (entreprise ou consommateur), dans le respect de la r\u00e9glementation applicable. Un retard de paiement donne \u00e0 Colorker le droit de (i) r\u00e9clamer le paiement imm\u00e9diat du montant factur\u00e9, ainsi que les int\u00e9r\u00eats courus ; ii) retenir la livraison de toutes les commandes en cours ; (iii) conditionner la livraison des commandes futures \u00e0 un paiement anticip\u00e9, m\u00eame si le Client n&rsquo;est plus en retard ; ainsi que de (iv) r\u00e9clamer une indemnisation pour les dommages et int\u00e9r\u00eats correspondants.<\/p>\n<p><strong>13. Clauses non valides<\/strong><\/p>\n<p>Si l&rsquo;une des clauses des pr\u00e9sentes Conditions G\u00e9n\u00e9rales est totalement ou partiellement invalide ou nulle, elle sera remplac\u00e9e par une nouvelle clause valide, aussi proche que possible de l&rsquo;objectif juridique et \u00e9conomique de la clause remplac\u00e9e. Les autres clauses resteront en vigueur et continueront d&rsquo;\u00eatre applicables.<\/p>\n<p><strong>14. Loi applicable<\/strong><\/p>\n<p>Les parties se soumettent \u00e0 la loi espagnole pour toute relation de vente et de livraison de produits entre Colorker et le Client.<\/p>\n<p><strong>15. Comp\u00e9tence<\/strong><\/p>\n<p>Les parties, en renon\u00e7ant express\u00e9ment au r\u00e9gime juridique qui pourraient leur correspondre, se soumettent aux tribunaux de Castell\u00f3n pour la r\u00e9solution de tout diff\u00e9rend, conflit ou r\u00e9clamation d\u00e9coulant des relations commerciales \u00e9tablies entre les parties r\u00e9sultant de l&rsquo;achat et de la livraison des marchandises, et notamment des dispositions pr\u00e9vues dans les pr\u00e9sentes Conditions G\u00e9n\u00e9rales de Vente, y compris les litiges relatifs \u00e0 leur formation, \u00e0 leur validit\u00e9 l\u00e9gale, \u00e0 leur modification ou \u00e0 leur cessation.<\/p>\n","protected":false},"excerpt":{"rendered":"<p>CONDITIONS G\u00c9N\u00c9RALES DE VENTE 1. Conditions g\u00e9n\u00e9rales Les pr\u00e9sentes Conditions G\u00e9n\u00e9rales r\u00e9gissent l&rsquo;acquisition par le Client des produits de COLORKER, SA (\u00ab\u00a0Colorker\u00a0\u00bb). Leur contenu est joint au verso du bon de commande des produits, o\u00f9 sont d\u00e9taill\u00e9es les conditions particuli\u00e8res de vente (les \u00ab\u00a0Conditions Particuli\u00e8res\u00a0\u00bb). En cas de divergence entre les Conditions G\u00e9n\u00e9rales et les [&hellip;]<\/p>\n","protected":false},"author":1,"featured_media":0,"parent":0,"menu_order":0,"comment_status":"closed","ping_status":"closed","template":"template-legales.php","meta":{"_acf_changed":false,"footnotes":""},"class_list":["post-19389","page","type-page","status-publish","hentry"],"acf":[],"yoast_head":"<!-- This site is optimized with the Yoast SEO plugin v27.3 - https:\/\/yoast.com\/product\/yoast-seo-wordpress\/ -->\n<title>Conditions de vente - Colorker<\/title>\n<meta name=\"robots\" content=\"index, follow, max-snippet:-1, max-image-preview:large, max-video-preview:-1\" \/>\n<link rel=\"canonical\" href=\"https:\/\/www.colorker.com\/fr\/sales-policy\/\" \/>\n<meta property=\"og:locale\" content=\"fr_FR\" \/>\n<meta property=\"og:type\" content=\"article\" \/>\n<meta property=\"og:title\" content=\"Conditions de vente - Colorker\" \/>\n<meta property=\"og:description\" content=\"CONDITIONS G\u00c9N\u00c9RALES DE VENTE 1. Conditions g\u00e9n\u00e9rales Les pr\u00e9sentes Conditions G\u00e9n\u00e9rales r\u00e9gissent l&rsquo;acquisition par le Client des produits de COLORKER, SA (\u00ab\u00a0Colorker\u00a0\u00bb). Leur contenu est joint au verso du bon de commande des produits, o\u00f9 sont d\u00e9taill\u00e9es les conditions particuli\u00e8res de vente (les \u00ab\u00a0Conditions Particuli\u00e8res\u00a0\u00bb). En cas de divergence entre les Conditions G\u00e9n\u00e9rales et les [&hellip;]\" \/>\n<meta property=\"og:url\" content=\"https:\/\/www.colorker.com\/fr\/sales-policy\/\" \/>\n<meta property=\"og:site_name\" content=\"Colorker\" \/>\n<meta property=\"article:modified_time\" content=\"2025-06-24T14:15:15+00:00\" \/>\n<meta name=\"twitter:card\" content=\"summary_large_image\" \/>\n<meta name=\"twitter:label1\" content=\"Dur\u00e9e de lecture estim\u00e9e\" \/>\n\t<meta name=\"twitter:data1\" content=\"9 minutes\" \/>\n<script type=\"application\/ld+json\" class=\"yoast-schema-graph\">{\"@context\":\"https:\\\/\\\/schema.org\",\"@graph\":[{\"@type\":\"WebPage\",\"@id\":\"https:\\\/\\\/www.colorker.com\\\/fr\\\/sales-policy\\\/\",\"url\":\"https:\\\/\\\/www.colorker.com\\\/fr\\\/sales-policy\\\/\",\"name\":\"Conditions de vente - Colorker\",\"isPartOf\":{\"@id\":\"https:\\\/\\\/www.colorker.com\\\/fr\\\/#website\"},\"datePublished\":\"2025-04-23T09:26:05+00:00\",\"dateModified\":\"2025-06-24T14:15:15+00:00\",\"breadcrumb\":{\"@id\":\"https:\\\/\\\/www.colorker.com\\\/fr\\\/sales-policy\\\/#breadcrumb\"},\"inLanguage\":\"fr-FR\",\"potentialAction\":[{\"@type\":\"ReadAction\",\"target\":[\"https:\\\/\\\/www.colorker.com\\\/fr\\\/sales-policy\\\/\"]}]},{\"@type\":\"BreadcrumbList\",\"@id\":\"https:\\\/\\\/www.colorker.com\\\/fr\\\/sales-policy\\\/#breadcrumb\",\"itemListElement\":[{\"@type\":\"ListItem\",\"position\":1,\"name\":\"Portada\",\"item\":\"https:\\\/\\\/www.colorker.com\\\/fr\\\/\"},{\"@type\":\"ListItem\",\"position\":2,\"name\":\"Conditions de vente\"}]},{\"@type\":\"WebSite\",\"@id\":\"https:\\\/\\\/www.colorker.com\\\/fr\\\/#website\",\"url\":\"https:\\\/\\\/www.colorker.com\\\/fr\\\/\",\"name\":\"Colorker\",\"description\":\"\",\"potentialAction\":[{\"@type\":\"SearchAction\",\"target\":{\"@type\":\"EntryPoint\",\"urlTemplate\":\"https:\\\/\\\/www.colorker.com\\\/fr\\\/?s={search_term_string}\"},\"query-input\":{\"@type\":\"PropertyValueSpecification\",\"valueRequired\":true,\"valueName\":\"search_term_string\"}}],\"inLanguage\":\"fr-FR\"}]}<\/script>\n<!-- \/ Yoast SEO plugin. -->","yoast_head_json":{"title":"Conditions de vente - Colorker","robots":{"index":"index","follow":"follow","max-snippet":"max-snippet:-1","max-image-preview":"max-image-preview:large","max-video-preview":"max-video-preview:-1"},"canonical":"https:\/\/www.colorker.com\/fr\/sales-policy\/","og_locale":"fr_FR","og_type":"article","og_title":"Conditions de vente - Colorker","og_description":"CONDITIONS G\u00c9N\u00c9RALES DE VENTE 1. Conditions g\u00e9n\u00e9rales Les pr\u00e9sentes Conditions G\u00e9n\u00e9rales r\u00e9gissent l&rsquo;acquisition par le Client des produits de COLORKER, SA (\u00ab\u00a0Colorker\u00a0\u00bb). Leur contenu est joint au verso du bon de commande des produits, o\u00f9 sont d\u00e9taill\u00e9es les conditions particuli\u00e8res de vente (les \u00ab\u00a0Conditions Particuli\u00e8res\u00a0\u00bb). En cas de divergence entre les Conditions G\u00e9n\u00e9rales et les [&hellip;]","og_url":"https:\/\/www.colorker.com\/fr\/sales-policy\/","og_site_name":"Colorker","article_modified_time":"2025-06-24T14:15:15+00:00","twitter_card":"summary_large_image","twitter_misc":{"Dur\u00e9e de lecture estim\u00e9e":"9 minutes"},"schema":{"@context":"https:\/\/schema.org","@graph":[{"@type":"WebPage","@id":"https:\/\/www.colorker.com\/fr\/sales-policy\/","url":"https:\/\/www.colorker.com\/fr\/sales-policy\/","name":"Conditions de vente - Colorker","isPartOf":{"@id":"https:\/\/www.colorker.com\/fr\/#website"},"datePublished":"2025-04-23T09:26:05+00:00","dateModified":"2025-06-24T14:15:15+00:00","breadcrumb":{"@id":"https:\/\/www.colorker.com\/fr\/sales-policy\/#breadcrumb"},"inLanguage":"fr-FR","potentialAction":[{"@type":"ReadAction","target":["https:\/\/www.colorker.com\/fr\/sales-policy\/"]}]},{"@type":"BreadcrumbList","@id":"https:\/\/www.colorker.com\/fr\/sales-policy\/#breadcrumb","itemListElement":[{"@type":"ListItem","position":1,"name":"Portada","item":"https:\/\/www.colorker.com\/fr\/"},{"@type":"ListItem","position":2,"name":"Conditions de vente"}]},{"@type":"WebSite","@id":"https:\/\/www.colorker.com\/fr\/#website","url":"https:\/\/www.colorker.com\/fr\/","name":"Colorker","description":"","potentialAction":[{"@type":"SearchAction","target":{"@type":"EntryPoint","urlTemplate":"https:\/\/www.colorker.com\/fr\/?s={search_term_string}"},"query-input":{"@type":"PropertyValueSpecification","valueRequired":true,"valueName":"search_term_string"}}],"inLanguage":"fr-FR"}]}},"_links":{"self":[{"href":"https:\/\/www.colorker.com\/fr\/wp-json\/wp\/v2\/pages\/19389","targetHints":{"allow":["GET"]}}],"collection":[{"href":"https:\/\/www.colorker.com\/fr\/wp-json\/wp\/v2\/pages"}],"about":[{"href":"https:\/\/www.colorker.com\/fr\/wp-json\/wp\/v2\/types\/page"}],"author":[{"embeddable":true,"href":"https:\/\/www.colorker.com\/fr\/wp-json\/wp\/v2\/users\/1"}],"replies":[{"embeddable":true,"href":"https:\/\/www.colorker.com\/fr\/wp-json\/wp\/v2\/comments?post=19389"}],"version-history":[{"count":1,"href":"https:\/\/www.colorker.com\/fr\/wp-json\/wp\/v2\/pages\/19389\/revisions"}],"predecessor-version":[{"id":22977,"href":"https:\/\/www.colorker.com\/fr\/wp-json\/wp\/v2\/pages\/19389\/revisions\/22977"}],"wp:attachment":[{"href":"https:\/\/www.colorker.com\/fr\/wp-json\/wp\/v2\/media?parent=19389"}],"curies":[{"name":"wp","href":"https:\/\/api.w.org\/{rel}","templated":true}]}}