{"id":19392,"date":"2025-04-23T11:25:55","date_gmt":"2025-04-23T09:25:55","guid":{"rendered":"https:\/\/desarrollo.digitalsquare.es\/colorker2\/cookies\/"},"modified":"2025-04-23T11:25:55","modified_gmt":"2025-04-23T09:25:55","slug":"cookies","status":"publish","type":"page","link":"https:\/\/www.colorker.com\/en\/cookies\/","title":{"rendered":"Cookies"},"content":{"rendered":"<p><strong>\u00bfQU\u00c9 SON LAS COOKIES?<\/strong><\/p>\n<p>Las cookies son peque\u00f1os ficheros que se instalan en el disco duro o en el navegador del ordenador, tablet, smartphone o dispositivo equivalente con funciones de navegaci\u00f3n a trav\u00e9s de Internet y ayudan a, entre otros: personalizar los servicios del titular de la web, facilitar la navegaci\u00f3n y usabilidad a trav\u00e9s de la misma,&nbsp; obtener informaci\u00f3n agregada de los visitantes de la web, posibilitar la reproducci\u00f3n y visualizaci\u00f3n de contenido multimedia en la propia web, permitir elementos de interactuaci\u00f3n entre el usuario y la propia web, habilitar herramientas de seguridad, etc\u00e9tera.<\/p>\n<p><strong>DEFINICIONES UTILIZADAS EN ESTA POL\u00cdTICA DE COOKIES<\/strong><\/p>\n<ul style=\"list-style-type:circle\">\n<li>Dato: Es la informaci\u00f3n que se obtiene por medio del equipo terminal del usuario a trav\u00e9s del dispositivo de almacenamiento y recuperaci\u00f3n de datos (cookies u otros). El dato ser\u00e1 personal cuando se trata de informaci\u00f3n sobre personas f\u00edsicas identificadas o identificables, en los t\u00e9rminos que establece el art\u00edculo 4 del RGPD<\/li>\n<li>Informaci\u00f3n agregada: informaci\u00f3n no nominal, t\u00edpicamente num\u00e9rica y a efectos de proporcionar informaci\u00f3n estad\u00edstica<\/li>\n<li>Equipo terminal: Es el dispositivo desde el cual el usuario accede al servicio, como un ordenador personal, un tel\u00e9fono m\u00f3vil, una tablet, etc., y a partir del cual se obtiene la informaci\u00f3n<\/li>\n<li>Servicio de la sociedad de la informaci\u00f3n: Es todo servicio prestado a petici\u00f3n individual de un usuario, a t\u00edtulo oneroso o no, a distancia y por v\u00eda electr\u00f3nica, siempre que, a efectos de esta gu\u00eda, constituya una actividad econ\u00f3mica para el editor cuya prestaci\u00f3n origina la utilizaci\u00f3n de las cookies<\/li>\n<li>Editor: responsable o titular de la p\u00e1gina web<\/li>\n<li>Tercero: entidad externa, colaboradora, prestadora de servicios o relacionada con el editor, interviniente en la gesti\u00f3n de algunas cookies<\/li>\n<li>Responsable de la cookie: el editor, responsable, titular de la p\u00e1gina web o, incluso, el tercero en algunos casos<\/li>\n<li>H\u00e1bitos de navegaci\u00f3n: tendencias que muestra el usuario cuando navega&nbsp; trav\u00e9s de una p\u00e1gina web como, por ejemplo, tiempo que visita la p\u00e1gina, partes que visita, secciones m\u00e1s frecuentes, origen de la visita, destino de la visita, entre otros.<\/li>\n<\/ul>\n<p>&nbsp;<\/p>\n<p><strong>\u00bfQU\u00c9 TIPO DE COOKIES EXISTEN?<\/strong><\/p>\n<p>Seg\u00fan la entidad que la gestiona:<\/p>\n<p>Cookies propias: son aqu\u00e9llas que se env\u00edan al equipo terminal del usuario desde un equipo o dominio gestionado por el propio editor y desde el que se presta el servicio solicitado por el usuario.<\/p>\n<p>Cookies de terceros: son aqu\u00e9llas que se env\u00edan al equipo terminal del usuario desde un equipo o dominio que no es gestionado por el editor, sino por otra entidad que trata los datos obtenidos trav\u00e9s de las cookies.<\/p>\n<p>Seg\u00fan el plazo de tiempo que permanecen activadas en el equipo terminal:<\/p>\n<p>Cookies de sesi\u00f3n: son aquellas dise\u00f1adas para recabar y almacenar datos mientras el usuario accede a una p\u00e1gina web. Se suelen emplear para almacenar informaci\u00f3n que solo interesa conservar para la prestaci\u00f3n del servicio solicitado por el usuario en una sola ocasi\u00f3n (por ejemplo, una lista de productos adquiridos) y desaparecen al terminar la sesi\u00f3n.<\/p>\n<p>Cookies persistentes: son aquellas en las que los datos siguen almacenados en el terminal y pueden ser accedidos y tratados durante un periodo definido por el responsable de la cookie, y que puede ir de unos minutos a varios a\u00f1os.<\/p>\n<p>Seg\u00fan la finalidad para la que se traten los datos obtenidos a trav\u00e9s de las cookies:<\/p>\n<p>Cookies t\u00e9cnicas: son aquellas que permiten al usuario la navegaci\u00f3n a trav\u00e9s de una p\u00e1gina web, plataforma o aplicaci\u00f3n y la utilizaci\u00f3n de las diferentes opciones o servicios que en ella existan, incluyendo aquellas que el editor utiliza para permitir la gesti\u00f3n y operativa de la p\u00e1gina web y habilitar sus funciones y servicios, como, por ejemplo, controlar el tr\u00e1fico y la comunicaci\u00f3n de datos, identificar la sesi\u00f3n, acceder a partes de acceso restringido, recordar los elementos que integran un pedido, realizar el proceso de compra de un pedido, gestionar el pago, controlar el fraude vinculado a la seguridad del servicio, realizar la solicitud de inscripci\u00f3n o participaci\u00f3n en un evento, contar visitas a efectos de la facturaci\u00f3n de licencias del software con el que funciona servicio (sitio web, plataforma o aplicaci\u00f3n), utilizar elementos de seguridad durante la navegaci\u00f3n, almacenar contenidos para la difusi\u00f3n de v\u00eddeos o sonido, habilitar contenidos din\u00e1micos (por ejemplo, animaci\u00f3n de carga de un texto o imagen) o compartir contenidos a trav\u00e9s de redes sociales. Tambi\u00e9n pertenecen a esta categor\u00eda, por su naturaleza t\u00e9cnica, aquellas cookies que permiten la gesti\u00f3n, de la forma m\u00e1s eficaz posible, de los espacios publicitarios que, como un elemento m\u00e1s de dise\u00f1o o \u201cmaquetaci\u00f3n\u201d del servicio ofrecido al usuario, el editor haya incluido en una p\u00e1gina web, aplicaci\u00f3n o plataforma en base a criterios como el contenido editado, sin que se recopile informaci\u00f3n de los usuarios con fines distintos, como puede ser personalizar ese contenido publicitario u otros contenidos.<\/p>\n<p>Cookies de preferencias o personalizaci\u00f3n: son aquellas que permiten recordar informaci\u00f3n para que el usuario acceda al servicio con determinadas caracter\u00edsticas que pueden diferenciar su experiencia de la de otros usuarios, como, por ejemplo, el idioma, el n\u00famero de resultados a mostrar cuando el usuario realiza una b\u00fasqueda, el aspecto o contenido del servicio en funci\u00f3n del tipo de navegador a trav\u00e9s del cual el usuario accede al servicio o de la regi\u00f3n desde la que accede al servicio, etc.&nbsp;&nbsp;&nbsp;&nbsp; .<\/p>\n<p>Cookies de an\u00e1lisis o medici\u00f3n: son aquellas que permiten al responsable de las mismas el seguimiento y an\u00e1lisis del comportamiento de los usuarios de los sitios web a los que est\u00e1n vinculadas, incluida la cuantificaci\u00f3n de los impactos de los anuncios. La informaci\u00f3n recogida mediante este tipo de cookies se utiliza en la medici\u00f3n de la actividad de los sitios web, aplicaci\u00f3n o plataforma, con el fin de introducir mejoras en funci\u00f3n del an\u00e1lisis de los datos de uso que hacen los usuarios del servicio.<\/p>\n<p>Cookies publicitarias: son aqu\u00e9llas que permiten la gesti\u00f3n, de la forma m\u00e1s eficaz posible, de los espacios publicitarios que, en su caso, el editor haya incluido en una p\u00e1gina web, aplicaci\u00f3n o plataforma desde la que presta el servicio solicitado en base a criterios como el contenido editado o la frecuencia en la que se muestran los anuncio.<\/p>\n<p>Cookies de publicidad comportamental: son aqu\u00e9llas que permiten la gesti\u00f3n, de la forma m\u00e1s eficaz posible, de los espacios publicitarios que, en su caso, el editor haya incluido en una p\u00e1gina web, aplicaci\u00f3n o plataforma desde la que presta el servicio solicitado. Estas cookies almacenan informaci\u00f3n del comportamiento de los usuarios obtenida a trav\u00e9s de la observaci\u00f3n continuada de sus h\u00e1bitos de navegaci\u00f3n, lo que permite desarrollar un perfil espec\u00edfico para mostrar publicidad en funci\u00f3n del mismo.<\/p>\n<p><strong>EN CONCRETO, \u00bfQU\u00c9 COOKIES UTILIZAMOS?<\/strong><\/p>\n<table align=\"center\" border=\"1\" cellpadding=\"1\" cellspacing=\"1\" style=\"width:500px\">\n<thead>\n<tr>\n<th scope=\"col\">Nombre de la Cookie<\/th>\n<th scope=\"col\">Servidor \/ Dominio desde el que se env\u00eda<\/th>\n<th scope=\"col\">Finalidad<\/th>\n<th scope=\"col\">Permanencia<\/th>\n<th scope=\"col\">Transferencia de datos fuera de la Unic\u00f3n Europea<\/th>\n<\/tr>\n<\/thead>\n<tbody>\n<tr>\n<td>PHPSESSID<\/td>\n<td>www.colorker.com<\/td>\n<td>Esta cookie del propio dominio se utiliza par aguardar la informaci\u00f3n de cada visita al sitio web y para activar la funcionalidad b\u00e1sica del sitio. Esta cookie no contiene ninguna informaci\u00f3n personal y solo dura mientras se realiza la visita, ya que se borra tan pronto como el usuario cierra su navegador web.<\/td>\n<td>Fin de sesi\u00f3n<\/td>\n<td>&nbsp;<\/td>\n<\/tr>\n<tr>\n<td>_ga<\/td>\n<td>Analytics<\/td>\n<td>Esta cookie de terceros de Google Analytics se utilzia para diferenciar usuarios al recopilar informaci\u00f3n acerca de visitas a la p\u00e1gina. Esta cookie le ayuda a identificar qu\u00e9 \u00e1reas del sitio web se deben mejorar. La cookie _ga no permite a Colorker didentificar perosnalmente al usuario, ya que no se realiza ning\u00fan seguimiento de los datos ni de la informaci\u00f3n personal.<\/td>\n<td>2 a\u00f1os<\/td>\n<td>No<\/td>\n<\/tr>\n<tr>\n<td>-gatr_UA-48940476-1<\/td>\n<td>Analytics<\/td>\n<td>Esta cookie de terceros de Google Analytics es utilizada por Google Analytics para monitorizar la tasa de solicitudes hacia sus servidores. Esta cookie le ayuda a Colorker a identificar qu\u00e9 \u00e1reas del sitio web se deben mejorar. La cookie _gat no permite a Colorker identificar personalmente al usuario, ya que no se realiza ning\u00fan seguimiento de los datos ni de la informaci\u00f3n personal.&nbsp;<\/td>\n<td>10 minutos<\/td>\n<td>No<\/td>\n<\/tr>\n<tr>\n<td>_gid<\/td>\n<td>Analytics<\/td>\n<td>Esta primera parte de analytics.js: se utiliza para distinguir a los usuarios<\/td>\n<td>24 horas<\/td>\n<td>No<\/td>\n<\/tr>\n<tr>\n<td>_hjlnclydedlnSample<\/td>\n<td>Hotjar<\/td>\n<td>Esta cookie de sesi\u00f3n est\u00e1 configurada para que Jotjar sepa si ese visitante est\u00e1&nbsp; incluido en la muestra que se utiliza para generar embudos.<\/td>\n<td>1 a\u00f1o<\/td>\n<td>S\u00ed<\/td>\n<\/tr>\n<tr>\n<td>cookie_law_accepted<\/td>\n<td>www.colorker.com<\/td>\n<td>Esta cookie del propio dominio es configurada por nuestro sitio web para marcar el consentimiento del usuario para utilizar cookies mientras navega por el sitio. Esto impide que se le muestre al usuario el banner de cookies cada vez que visita nuestro sitio web. Esta cookie no realiza ning\u00fan seguimiento de la informaci\u00f3n personal del usuario.&nbsp;<\/td>\n<td>1 a\u00f1o&nbsp;<\/td>\n<td>Si<\/td>\n<\/tr>\n<\/tbody>\n<\/table>\n<p>&nbsp;<\/p>\n<p>&nbsp;<\/p>\n<p>Mediante estas cookies se elaboran perfiles de los navegantes de nuestra p\u00e1gina web, para tomar decisiones automatizadas basadas en la siguiente l\u00f3gica: seguimiento y an\u00e1lisis del comportamiento de los usuarios de los sitios web a los que est\u00e1n vinculadas. Este perfilado y las decisiones que se toman sobre los datos tiene como consecuencia un mayor nivel de personalizaci\u00f3n y predicci\u00f3n sobre las preferencias de los navegantes.<\/p>\n<p>Puedes informarte de las transferencias a terceros pa\u00edses que, en su caso, realizan los terceros identificados en esta pol\u00edtica de cookies, as\u00ed como de los riesgos que supone dicha transferencia de acuerdo con sus propias pol\u00edticas ajenas a este sitio web, accediendo a sus correspondientes pol\u00edticas de cookies facilitadas en cada <strong>caso en la tabla anterior.<\/strong><\/p>\n<p>Puedes aceptar, denegar o revocar el consentimiento para el uso de las cookies descritas en esta pol\u00edtica a trav\u00e9s del configurador de cookies que aparece disponible en el aviso inicial de uso de cookies cuando accedes a la p\u00e1gina principal, pero tambi\u00e9n puedes desactivar o eliminar las cookies aceptadas previamente a trav\u00e9s de las propias configuraciones de los navegadores de internet. Te indicamos los m\u00e1s populares en esta misma pol\u00edtica de cookies.<\/p>\n<p>&nbsp;<\/p>\n<p><strong>\u00bfC\u00d3MO DESACTIVAR LAS COOKIES?<\/strong><\/p>\n<p>El bloqueo o desactivaci\u00f3n de todas las cookies ayuda a proteger la privacidad, pero tambi\u00e9n puede limitar la experiencia en algunos sitios web, as\u00ed como limitar funcionalidades o, incluso, no permitir la correcta navegaci\u00f3n o utilizaci\u00f3n de algunos de sus servicios.<\/p>\n<p>Puedes activar o desactivar las cookies descritas anteriormente (a excepci\u00f3n de las cookies t\u00e9cnicas, que son necesarias para el correcto funcionamiento) a trav\u00e9s del configurador que aparece en el aviso de uso de cookies, al acceder a nuestra p\u00e1gina principal. Ten en cuenta que, si aceptas las cookies de terceros, deber\u00e1s eliminarlas desde las opciones del navegador o desde el sistema ofrecido por el propio tercero.<\/p>\n<p>Del mismo modo, si quieres saber c\u00f3mo desactivar las cookies en los navegadores web m\u00e1s populares, accede a los siguientes tutoriales:<\/p>\n<ul style=\"list-style-type:circle\">\n<li><a href=\"http:\/\/support.google.com\/chrome\/answer\/95647?hl=es\"><em>Google Chrome<\/em><\/a><\/li>\n<li><a href=\"http:\/\/support.mozilla.org\/es\/kb\/habilitar-y-deshabilitar-cookies-que-los-sitios-we\"><em>Mozilla Firefox<\/em><\/a><\/li>\n<li><a href=\"https:\/\/support.microsoft.com\/es-es\/microsoft-edge\/eliminar-las-cookies-en-microsoft-edge-63947406-40ac-c3b8-57b9-2a946a29ae09\"><em>Microsoft<\/em><\/a><em> Edge<\/em><\/li>\n<li><a href=\"http:\/\/support.apple.com\/es-es\/HT1677\"><em>Safari<\/em><\/a><\/li>\n<li><a href=\"http:\/\/support.google.com\/chrome\/answer\/2392971?hl=es\"><em>Chrome para Android<\/em><\/a><\/li>\n<li><a href=\"http:\/\/help.opera.com\/Windows\/11.50\/es-ES\/cookies.html\"><em>Opera<\/em><\/a><\/li>\n<\/ul>\n<p>Si tienes alguna pregunta o duda acerca de esta Pol\u00edtica de Cookies, puedes ponerte en contacto con nosotros a trav\u00e9s de los medios de contacto de nuestra p\u00e1gina web.<\/p>\n<p>Si deseas informaci\u00f3n competa y concreta sobre protecci\u00f3n de datos personales, te remitimos a nuestra pol\u00edtica de privacidad.<\/p>\n<p>&nbsp;<\/p>\n<p>Fecha de \u00faltima actualizaci\u00f3n: 16\/01\/2024<\/p>\n","protected":false},"excerpt":{"rendered":"<p>\u00bfQU\u00c9 SON LAS COOKIES? Las cookies son peque\u00f1os ficheros que se instalan en el disco duro o en el navegador del ordenador, tablet, smartphone o dispositivo equivalente con funciones de navegaci\u00f3n a trav\u00e9s de Internet y ayudan a, entre otros: personalizar los servicios del titular de la web, facilitar la navegaci\u00f3n y usabilidad a trav\u00e9s [&hellip;]<\/p>\n","protected":false},"author":1,"featured_media":0,"parent":0,"menu_order":0,"comment_status":"closed","ping_status":"closed","template":"template-legales.php","meta":{"_acf_changed":false,"footnotes":""},"class_list":["post-19392","page","type-page","status-publish","hentry"],"acf":[],"yoast_head":"<!-- This site is optimized with the Yoast SEO plugin v27.3 - https:\/\/yoast.com\/product\/yoast-seo-wordpress\/ -->\n<title>Cookies - Colorker<\/title>\n<meta name=\"robots\" content=\"index, follow, max-snippet:-1, max-image-preview:large, max-video-preview:-1\" \/>\n<link rel=\"canonical\" href=\"https:\/\/www.colorker.com\/en\/cookies\/\" \/>\n<meta property=\"og:locale\" content=\"en_US\" \/>\n<meta property=\"og:type\" content=\"article\" \/>\n<meta property=\"og:title\" content=\"Cookies - Colorker\" \/>\n<meta property=\"og:description\" content=\"\u00bfQU\u00c9 SON LAS COOKIES? Las cookies son peque\u00f1os ficheros que se instalan en el disco duro o en el navegador del ordenador, tablet, smartphone o dispositivo equivalente con funciones de navegaci\u00f3n a trav\u00e9s de Internet y ayudan a, entre otros: personalizar los servicios del titular de la web, facilitar la navegaci\u00f3n y usabilidad a trav\u00e9s [&hellip;]\" \/>\n<meta property=\"og:url\" content=\"https:\/\/www.colorker.com\/en\/cookies\/\" \/>\n<meta property=\"og:site_name\" content=\"Colorker\" \/>\n<meta name=\"twitter:card\" content=\"summary_large_image\" \/>\n<meta name=\"twitter:label1\" content=\"Est. reading time\" \/>\n\t<meta name=\"twitter:data1\" content=\"10 minutes\" \/>\n<script type=\"application\/ld+json\" class=\"yoast-schema-graph\">{\"@context\":\"https:\\\/\\\/schema.org\",\"@graph\":[{\"@type\":\"WebPage\",\"@id\":\"https:\\\/\\\/www.colorker.com\\\/en\\\/cookies\\\/\",\"url\":\"https:\\\/\\\/www.colorker.com\\\/en\\\/cookies\\\/\",\"name\":\"Cookies - Colorker\",\"isPartOf\":{\"@id\":\"https:\\\/\\\/www.colorker.com\\\/en\\\/#website\"},\"datePublished\":\"2025-04-23T09:25:55+00:00\",\"breadcrumb\":{\"@id\":\"https:\\\/\\\/www.colorker.com\\\/en\\\/cookies\\\/#breadcrumb\"},\"inLanguage\":\"en-US\",\"potentialAction\":[{\"@type\":\"ReadAction\",\"target\":[\"https:\\\/\\\/www.colorker.com\\\/en\\\/cookies\\\/\"]}]},{\"@type\":\"BreadcrumbList\",\"@id\":\"https:\\\/\\\/www.colorker.com\\\/en\\\/cookies\\\/#breadcrumb\",\"itemListElement\":[{\"@type\":\"ListItem\",\"position\":1,\"name\":\"Portada\",\"item\":\"https:\\\/\\\/www.colorker.com\\\/en\\\/\"},{\"@type\":\"ListItem\",\"position\":2,\"name\":\"Cookies\"}]},{\"@type\":\"WebSite\",\"@id\":\"https:\\\/\\\/www.colorker.com\\\/en\\\/#website\",\"url\":\"https:\\\/\\\/www.colorker.com\\\/en\\\/\",\"name\":\"Colorker\",\"description\":\"\",\"potentialAction\":[{\"@type\":\"SearchAction\",\"target\":{\"@type\":\"EntryPoint\",\"urlTemplate\":\"https:\\\/\\\/www.colorker.com\\\/en\\\/?s={search_term_string}\"},\"query-input\":{\"@type\":\"PropertyValueSpecification\",\"valueRequired\":true,\"valueName\":\"search_term_string\"}}],\"inLanguage\":\"en-US\"}]}<\/script>\n<!-- \/ Yoast SEO plugin. -->","yoast_head_json":{"title":"Cookies - Colorker","robots":{"index":"index","follow":"follow","max-snippet":"max-snippet:-1","max-image-preview":"max-image-preview:large","max-video-preview":"max-video-preview:-1"},"canonical":"https:\/\/www.colorker.com\/en\/cookies\/","og_locale":"en_US","og_type":"article","og_title":"Cookies - Colorker","og_description":"\u00bfQU\u00c9 SON LAS COOKIES? Las cookies son peque\u00f1os ficheros que se instalan en el disco duro o en el navegador del ordenador, tablet, smartphone o dispositivo equivalente con funciones de navegaci\u00f3n a trav\u00e9s de Internet y ayudan a, entre otros: personalizar los servicios del titular de la web, facilitar la navegaci\u00f3n y usabilidad a trav\u00e9s [&hellip;]","og_url":"https:\/\/www.colorker.com\/en\/cookies\/","og_site_name":"Colorker","twitter_card":"summary_large_image","twitter_misc":{"Est. reading time":"10 minutes"},"schema":{"@context":"https:\/\/schema.org","@graph":[{"@type":"WebPage","@id":"https:\/\/www.colorker.com\/en\/cookies\/","url":"https:\/\/www.colorker.com\/en\/cookies\/","name":"Cookies - Colorker","isPartOf":{"@id":"https:\/\/www.colorker.com\/en\/#website"},"datePublished":"2025-04-23T09:25:55+00:00","breadcrumb":{"@id":"https:\/\/www.colorker.com\/en\/cookies\/#breadcrumb"},"inLanguage":"en-US","potentialAction":[{"@type":"ReadAction","target":["https:\/\/www.colorker.com\/en\/cookies\/"]}]},{"@type":"BreadcrumbList","@id":"https:\/\/www.colorker.com\/en\/cookies\/#breadcrumb","itemListElement":[{"@type":"ListItem","position":1,"name":"Portada","item":"https:\/\/www.colorker.com\/en\/"},{"@type":"ListItem","position":2,"name":"Cookies"}]},{"@type":"WebSite","@id":"https:\/\/www.colorker.com\/en\/#website","url":"https:\/\/www.colorker.com\/en\/","name":"Colorker","description":"","potentialAction":[{"@type":"SearchAction","target":{"@type":"EntryPoint","urlTemplate":"https:\/\/www.colorker.com\/en\/?s={search_term_string}"},"query-input":{"@type":"PropertyValueSpecification","valueRequired":true,"valueName":"search_term_string"}}],"inLanguage":"en-US"}]}},"_links":{"self":[{"href":"https:\/\/www.colorker.com\/en\/wp-json\/wp\/v2\/pages\/19392","targetHints":{"allow":["GET"]}}],"collection":[{"href":"https:\/\/www.colorker.com\/en\/wp-json\/wp\/v2\/pages"}],"about":[{"href":"https:\/\/www.colorker.com\/en\/wp-json\/wp\/v2\/types\/page"}],"author":[{"embeddable":true,"href":"https:\/\/www.colorker.com\/en\/wp-json\/wp\/v2\/users\/1"}],"replies":[{"embeddable":true,"href":"https:\/\/www.colorker.com\/en\/wp-json\/wp\/v2\/comments?post=19392"}],"version-history":[{"count":0,"href":"https:\/\/www.colorker.com\/en\/wp-json\/wp\/v2\/pages\/19392\/revisions"}],"wp:attachment":[{"href":"https:\/\/www.colorker.com\/en\/wp-json\/wp\/v2\/media?parent=19392"}],"curies":[{"name":"wp","href":"https:\/\/api.w.org\/{rel}","templated":true}]}}