{"id":19398,"date":"2025-04-23T11:25:47","date_gmt":"2025-04-23T09:25:47","guid":{"rendered":"https:\/\/desarrollo.digitalsquare.es\/colorker2\/aviso-legal\/"},"modified":"2025-04-23T11:25:47","modified_gmt":"2025-04-23T09:25:47","slug":"aviso-legal","status":"publish","type":"page","link":"https:\/\/www.colorker.com\/de\/aviso-legal\/","title":{"rendered":"Aviso legal"},"content":{"rendered":"<p><strong>1<\/strong>&#8211;\u00a0Las presentes condiciones regulan el uso de la p\u00e1gina con URL\u00a0<strong>www.colorker.com<\/strong>\u00a0y el hecho de acceder y usar estas p\u00e1ginas implica la aceptaci\u00f3n plena y sin reservas de las presentes condiciones, por lo que le recomendamos que las lea atentamente.<\/p>\n<p>&nbsp;<\/p>\n<p><strong>2-\u00a0<\/strong>El usuario se compromete a utilizar la p\u00e1gina\u00a0<strong>www.colorker.com<\/strong>\u00a0de conformidad con la ley, el presente aviso legal, reglamentos e instrucciones puestos en su conocimiento, as\u00ed como la moral, las buenas costumbres generalmente aceptadas y el orden p\u00fablico.<\/p>\n<p>&nbsp;<\/p>\n<p><strong>3-\u00a0<\/strong>De conformidad con lo dispuesto en el art\u00edculo 10 de la Ley 34\/2002 de Servicios de la Sociedad de la Informaci\u00f3n y Comercio Electr\u00f3nico, la empresa\u00a0<strong>Colorker, S.A.<\/strong>, con domicilio social en Ctra. Alcora, Km. 21,3. 12110 L\u2019Alcora, Castell\u00f3n, Espa\u00f1a, con CIF\u00a0<strong>n\u00famero A-12050050<\/strong>, inscrita en el Registro Mercantil de Castell\u00f3n\u00a0en la hoja CS-1362, tomo 482, folio 189, le informa de que es propietaria del nombre del dominio www.colorker.com<\/p>\n<p>&nbsp;<\/p>\n<p><strong>4-\u00a0<\/strong>Asimismo, respecto a las Comunicaciones Comerciales por v\u00eda electr\u00f3nica ponemos en su conocimiento, atendiendo a lo establecido en los art\u00edculos 20 y 21 de la citada Ley 34\/2002, que los datos que usted nos facilite podr\u00e1n ser utilizados para efectuar posteriores comunicaciones comerciales sobre nuestros productos y servicios que puedan resultar de su inter\u00e9s, comunicaciones que realizar\u00e1\u00a0<strong>Colorker, S.A<\/strong>. directamente, sin perjuicio del derecho que usted tiene de revocar en cualquier momento el consentimiento prestado para la recepci\u00f3n de comunicaciones comerciales, dirigi\u00e9ndose por escrito a la direcci\u00f3n referida al final de este escrito.<\/p>\n<p>&nbsp;<\/p>\n<p><strong>5-\u00a0<\/strong>Los derechos de propiedad intelectual de la p\u00e1gina\u00a0<strong>www.colorker.com<\/strong>\u00a0(en adelante \u201cla WEB\u201d), su c\u00f3digo fuente, dise\u00f1o, estructura de navegaci\u00f3n, bases de datos y los distintos elementos en \u00e9l contenidos est\u00e1n protegidos por la normativa de Propiedad Intelectual e Industrial, en particular por el R.D.L. 1\/96 que aprueba el Texto Refundido de la Ley de Propiedad Intelectual y por la Ley de Marcas 17\/2001. Estos derechos son titularidad de\u00a0<strong>Colorker, S.A.<\/strong>\u00a0a quien corresponde el ejercicio exclusivo de los derechos de explotaci\u00f3n de los mismos en cualquier forma y, en especial, los derechos de reproducci\u00f3n, distribuci\u00f3n, comunicaci\u00f3n p\u00fablica y transformaci\u00f3n.<\/p>\n<p>&nbsp;<\/p>\n<p><strong>6-\u00a0<\/strong>El acceso a la WEB no implica cesi\u00f3n, transmisi\u00f3n o cualquier otro tipo de renuncian, total o parcial, de los derechos de Propiedad Intelectual o Industrial. El usuario de internet est\u00e1 autorizado para la visualizaci\u00f3n, impresi\u00f3n y descarga parcial del contenido de la WEB s\u00f3lo y exclusivamente cumpliendo las siguientes condiciones:<\/p>\n<p><strong>a)<\/strong>\u00a0Que sea compatible con los fines de la WEB<\/p>\n<p><strong>b)<\/strong>\u00a0Que se realice con el exclusivo \u00e1nimo de obtener la informaci\u00f3n contenida para uso personal y privado. Se proh\u00edbe expresamente su utilizaci\u00f3n con fines comerciales o para su distribuci\u00f3n, comunicaci\u00f3n p\u00fablica, transformaci\u00f3n o descompilaci\u00f3n.<\/p>\n<p><strong>c)<\/strong>\u00a0Que ninguno de los contenidos de la WEB sean modificados de manera alguna<\/p>\n<p><strong>d)<\/strong>\u00a0Que ning\u00fan gr\u00e1fico, icono o imagen disponible en la WEB sea utilizado, copiado o distribuido separadamente del texto o resto de im\u00e1genes que lo acompa\u00f1an.<\/p>\n<p>&nbsp;<\/p>\n<p><strong>7-\u00a0<\/strong>El usuario de la WEB deber\u00e1 abstenerse de suprimir, alterar, eludir o manipular cualesquiera dispositivos de protecci\u00f3n o sistemas de seguridad que puedan estar instalados en la misma.<\/p>\n<p>&nbsp;<\/p>\n<p><strong>8-\u00a0<\/strong><strong>Colorker, S.A.<\/strong>\u00a0se reserva el derecho de efectuar, en cualquier momento y sin necesidad de previo aviso, modificaciones y actualizaciones de la informaci\u00f3n contenida en la WEB, de su configuraci\u00f3n y su presentaci\u00f3n y de las condiciones de acceso. Asimismo, no se hace responsable de los da\u00f1os y perjuicios directos o indirectos derivados del uso de la WEB, incluidos los da\u00f1os a sistemas inform\u00e1ticos que pudieran ocasionarse al usuario o a terceros, ni garantiza la ausencia de virus u otros elementos lesivos.<\/p>\n<p>&nbsp;<\/p>\n<p><strong>9-\u00a0<\/strong><strong>Colorker, S.A.<\/strong>\u00a0tiene definida su pol\u00edtica de protecci\u00f3n de datos de conformidad con lo establecido en el Reglamento General de protecci\u00f3n de Datos UE 2016\/679 y la Ley Org\u00e1nica 3\/2018, de 5 de diciembre, de Protecci\u00f3n de Datos Personales y garant\u00eda de los derechos digitales, respecto a los datos que libre y voluntariamente usted facilite a trav\u00e9s de la WEB<\/p>\n<p>&nbsp;<\/p>\n<p><strong>10-\u00a0<\/strong>Se pone a disposici\u00f3n de los usuarios los siguientes medios donde podr\u00e1n dirigir sus peticiones, cuestiones y quejas:<\/p>\n<p>Correo postal a:<\/p>\n<p><strong>Colorker, S.A.<\/strong><\/p>\n<p>Ctra. Alcora, Km. 21,3. 12110 L\u2019Alcora, Castell\u00f3n<\/p>\n<p>Apdo. de Correos 95<\/p>\n<p>Tel.: (+34) 964 36 16 16<\/p>\n<p>Fax: (+34) 964 38 64 32<\/p>\n<p>E-mail: colorker@colorker.com, admon@colorker.com<\/p>\n<p>A trav\u00e9s de los formularios encontrados en esta p\u00e1gina.<\/p>\n<p>&nbsp;<\/p>\n<p><strong>11-\u00a0<\/strong>El presente Aviso Legal y las relaciones que se establezcan entre el usuario y Colorker, S.A. se regir\u00e1n por la legislaci\u00f3n espa\u00f1ola y se someten a la jurisdicci\u00f3n de los Juzgados y Tribunales de Castell\u00f3n.<\/p>\n","protected":false},"excerpt":{"rendered":"<p>1&#8211;\u00a0Las presentes condiciones regulan el uso de la p\u00e1gina con URL\u00a0www.colorker.com\u00a0y el hecho de acceder y usar estas p\u00e1ginas implica la aceptaci\u00f3n plena y sin reservas de las presentes condiciones, por lo que le recomendamos que las lea atentamente. &nbsp; 2-\u00a0El usuario se compromete a utilizar la p\u00e1gina\u00a0www.colorker.com\u00a0de conformidad con la ley, el presente aviso [&hellip;]<\/p>\n","protected":false},"author":1,"featured_media":0,"parent":0,"menu_order":0,"comment_status":"closed","ping_status":"closed","template":"template-legales.php","meta":{"_acf_changed":false,"footnotes":""},"class_list":["post-19398","page","type-page","status-publish","hentry"],"acf":[],"yoast_head":"<!-- This site is optimized with the Yoast SEO plugin v27.3 - https:\/\/yoast.com\/product\/yoast-seo-wordpress\/ -->\n<title>Aviso legal - Colorker<\/title>\n<meta name=\"robots\" content=\"index, follow, max-snippet:-1, max-image-preview:large, max-video-preview:-1\" \/>\n<link rel=\"canonical\" href=\"https:\/\/www.colorker.com\/de\/aviso-legal\/\" \/>\n<meta property=\"og:locale\" content=\"de_DE\" \/>\n<meta property=\"og:type\" content=\"article\" \/>\n<meta property=\"og:title\" content=\"Aviso legal - Colorker\" \/>\n<meta property=\"og:description\" content=\"1&#8211;\u00a0Las presentes condiciones regulan el uso de la p\u00e1gina con URL\u00a0www.colorker.com\u00a0y el hecho de acceder y usar estas p\u00e1ginas implica la aceptaci\u00f3n plena y sin reservas de las presentes condiciones, por lo que le recomendamos que las lea atentamente. &nbsp; 2-\u00a0El usuario se compromete a utilizar la p\u00e1gina\u00a0www.colorker.com\u00a0de conformidad con la ley, el presente aviso [&hellip;]\" \/>\n<meta property=\"og:url\" content=\"https:\/\/www.colorker.com\/de\/aviso-legal\/\" \/>\n<meta property=\"og:site_name\" content=\"Colorker\" \/>\n<meta name=\"twitter:card\" content=\"summary_large_image\" \/>\n<meta name=\"twitter:label1\" content=\"Gesch\u00e4tzte Lesezeit\" \/>\n\t<meta name=\"twitter:data1\" content=\"4\u00a0Minuten\" \/>\n<script type=\"application\/ld+json\" class=\"yoast-schema-graph\">{\"@context\":\"https:\\\/\\\/schema.org\",\"@graph\":[{\"@type\":\"WebPage\",\"@id\":\"https:\\\/\\\/www.colorker.com\\\/de\\\/aviso-legal\\\/\",\"url\":\"https:\\\/\\\/www.colorker.com\\\/de\\\/aviso-legal\\\/\",\"name\":\"Aviso legal - Colorker\",\"isPartOf\":{\"@id\":\"https:\\\/\\\/www.colorker.com\\\/de\\\/#website\"},\"datePublished\":\"2025-04-23T09:25:47+00:00\",\"breadcrumb\":{\"@id\":\"https:\\\/\\\/www.colorker.com\\\/de\\\/aviso-legal\\\/#breadcrumb\"},\"inLanguage\":\"de\",\"potentialAction\":[{\"@type\":\"ReadAction\",\"target\":[\"https:\\\/\\\/www.colorker.com\\\/de\\\/aviso-legal\\\/\"]}]},{\"@type\":\"BreadcrumbList\",\"@id\":\"https:\\\/\\\/www.colorker.com\\\/de\\\/aviso-legal\\\/#breadcrumb\",\"itemListElement\":[{\"@type\":\"ListItem\",\"position\":1,\"name\":\"Portada\",\"item\":\"https:\\\/\\\/www.colorker.com\\\/de\\\/\"},{\"@type\":\"ListItem\",\"position\":2,\"name\":\"Aviso legal\"}]},{\"@type\":\"WebSite\",\"@id\":\"https:\\\/\\\/www.colorker.com\\\/de\\\/#website\",\"url\":\"https:\\\/\\\/www.colorker.com\\\/de\\\/\",\"name\":\"Colorker\",\"description\":\"\",\"potentialAction\":[{\"@type\":\"SearchAction\",\"target\":{\"@type\":\"EntryPoint\",\"urlTemplate\":\"https:\\\/\\\/www.colorker.com\\\/de\\\/?s={search_term_string}\"},\"query-input\":{\"@type\":\"PropertyValueSpecification\",\"valueRequired\":true,\"valueName\":\"search_term_string\"}}],\"inLanguage\":\"de\"}]}<\/script>\n<!-- \/ Yoast SEO plugin. -->","yoast_head_json":{"title":"Aviso legal - Colorker","robots":{"index":"index","follow":"follow","max-snippet":"max-snippet:-1","max-image-preview":"max-image-preview:large","max-video-preview":"max-video-preview:-1"},"canonical":"https:\/\/www.colorker.com\/de\/aviso-legal\/","og_locale":"de_DE","og_type":"article","og_title":"Aviso legal - Colorker","og_description":"1&#8211;\u00a0Las presentes condiciones regulan el uso de la p\u00e1gina con URL\u00a0www.colorker.com\u00a0y el hecho de acceder y usar estas p\u00e1ginas implica la aceptaci\u00f3n plena y sin reservas de las presentes condiciones, por lo que le recomendamos que las lea atentamente. &nbsp; 2-\u00a0El usuario se compromete a utilizar la p\u00e1gina\u00a0www.colorker.com\u00a0de conformidad con la ley, el presente aviso [&hellip;]","og_url":"https:\/\/www.colorker.com\/de\/aviso-legal\/","og_site_name":"Colorker","twitter_card":"summary_large_image","twitter_misc":{"Gesch\u00e4tzte Lesezeit":"4\u00a0Minuten"},"schema":{"@context":"https:\/\/schema.org","@graph":[{"@type":"WebPage","@id":"https:\/\/www.colorker.com\/de\/aviso-legal\/","url":"https:\/\/www.colorker.com\/de\/aviso-legal\/","name":"Aviso legal - Colorker","isPartOf":{"@id":"https:\/\/www.colorker.com\/de\/#website"},"datePublished":"2025-04-23T09:25:47+00:00","breadcrumb":{"@id":"https:\/\/www.colorker.com\/de\/aviso-legal\/#breadcrumb"},"inLanguage":"de","potentialAction":[{"@type":"ReadAction","target":["https:\/\/www.colorker.com\/de\/aviso-legal\/"]}]},{"@type":"BreadcrumbList","@id":"https:\/\/www.colorker.com\/de\/aviso-legal\/#breadcrumb","itemListElement":[{"@type":"ListItem","position":1,"name":"Portada","item":"https:\/\/www.colorker.com\/de\/"},{"@type":"ListItem","position":2,"name":"Aviso legal"}]},{"@type":"WebSite","@id":"https:\/\/www.colorker.com\/de\/#website","url":"https:\/\/www.colorker.com\/de\/","name":"Colorker","description":"","potentialAction":[{"@type":"SearchAction","target":{"@type":"EntryPoint","urlTemplate":"https:\/\/www.colorker.com\/de\/?s={search_term_string}"},"query-input":{"@type":"PropertyValueSpecification","valueRequired":true,"valueName":"search_term_string"}}],"inLanguage":"de"}]}},"_links":{"self":[{"href":"https:\/\/www.colorker.com\/de\/wp-json\/wp\/v2\/pages\/19398","targetHints":{"allow":["GET"]}}],"collection":[{"href":"https:\/\/www.colorker.com\/de\/wp-json\/wp\/v2\/pages"}],"about":[{"href":"https:\/\/www.colorker.com\/de\/wp-json\/wp\/v2\/types\/page"}],"author":[{"embeddable":true,"href":"https:\/\/www.colorker.com\/de\/wp-json\/wp\/v2\/users\/1"}],"replies":[{"embeddable":true,"href":"https:\/\/www.colorker.com\/de\/wp-json\/wp\/v2\/comments?post=19398"}],"version-history":[{"count":0,"href":"https:\/\/www.colorker.com\/de\/wp-json\/wp\/v2\/pages\/19398\/revisions"}],"wp:attachment":[{"href":"https:\/\/www.colorker.com\/de\/wp-json\/wp\/v2\/media?parent=19398"}],"curies":[{"name":"wp","href":"https:\/\/api.w.org\/{rel}","templated":true}]}}